{"id":892,"date":"2026-05-11T12:22:20","date_gmt":"2026-05-11T11:22:20","guid":{"rendered":"https:\/\/luzaro.garapena.eus\/revistas\/"},"modified":"2026-05-13T11:28:46","modified_gmt":"2026-05-13T10:28:46","slug":"revistas","status":"publish","type":"page","link":"https:\/\/luzaro.garapena.eus\/es\/revistas\/","title":{"rendered":"Revistas"},"content":{"rendered":"<section class=\"l-section wpb_row height_medium\"><div class=\"l-section-h i-cf\"><div class=\"g-cols vc_row via_grid cols_1 laptops-cols_inherit tablets-cols_inherit mobiles-cols_1 valign_top type_default stacking_default\"><div class=\"wpb_column vc_column_container\"><div class=\"vc_column-inner\"><nav class=\"g-breadcrumbs us_custom_0259209c has_text_color separator_icon align_none\" itemscope itemtype=\"http:\/\/schema.org\/BreadcrumbList\"><div class=\"g-breadcrumbs-item\" itemscope itemprop=\"itemListElement\" itemtype=\"http:\/\/schema.org\/ListItem\"><a itemprop=\"item\" href=\"https:\/\/luzaro.garapena.eus\/es\/\"><span itemprop=\"name\">Inicio<\/span><\/a><meta itemprop=\"position\" content=\"1\"\/><\/div><div class=\"g-breadcrumbs-separator\"><i class=\"far fa-angle-right\"><\/i><\/div><div class=\"g-breadcrumbs-item\">P\u00e1ginas<\/div><\/nav><div class=\"g-cols wpb_row via_grid cols_2-1 laptops-cols_inherit tablets-cols_inherit mobiles-cols_1 valign_top type_default stacking_default\" style=\"--columns-gap:3rem;\"><div class=\"wpb_column vc_column_container\"><div class=\"vc_column-inner\"><h1 class=\"w-post-elm post_title entry-title color_link_inherit\">Revistas<\/h1><div class=\"wpb_text_column\"><div class=\"wpb_wrapper\"><p>Cuadernos de psicomotricidad es una publicaci\u00f3n cuyo objetivo es difundir y asentar nuestra profesionalidad intentando aportar contenidos \u00fatiles para el desarrollo y profundizaci\u00f3n de la pr\u00e1ctica psicomotriz. Es una herramienta m\u00e1s de las que disponemos en la Escuela de Psicomotricidad Luzaro para construir una estructura de formaci\u00f3n y actualizaci\u00f3n profesional de las y los psicomotricistas formados en Pr\u00e1ctica Psicomotriz.<\/p>\n<p>La revista tiene su origen en el a\u00f1o 1991, cuando se publica el primer n\u00famero. Esta primera \u00e9poca llega hasta el a\u00f1o 1996, con la publicaci\u00f3n de 18 n\u00fameros. Tras un per\u00edodo de inactividad el proyecto se retoma el a\u00f1o 2000, public\u00e1ndose otros 17 n\u00fameros hasta 2008 urtera arte beste 17 zenbaki argitaratu ziren. El actual proyecto surge el a\u00f1o 2009, con la publicaci\u00f3n de un monogr\u00e1fico sobre Bernard Aucouturier, creador de esta disciplina.<\/p>\n<p>La historia de la revista est\u00e1 totalmente unida a la de nuestra Escuela que durante el a\u00f1o 2013 cumpli\u00f3 sus bodas de plata, con el compromiso de desarrollar todas aquellas actividades que ayuden a mantener y desarrollar el rigor y la calidad de nuestro trabajo profesional.<\/p>\n<p>Si quieres consultar los sumarios de la revista puedes hacerlo en nuestra hemeroteca desde el n\u00famero 1 o en la p\u00e1gina de <a href=\"https:\/\/dialnet.unirioja.es\/servlet\/revista?codigo=6494\" target=\"_blank\" rel=\"noopener\">Dialnet<\/a> desde el 2005 hasta la actualidad.<\/p>\n<\/div><\/div><\/div><\/div><div class=\"wpb_column vc_column_container us_custom_80e88570 has_bg_color\"><div class=\"vc_column-inner\"><div class=\"wpb_text_column\"><div class=\"wpb_wrapper\"><h3 class=\"title\" style=\"text-align: center;\">\u00a1Suscr\u00edbete!<\/h3>\n<div class=\"content\">\n<div class=\"rsform-block rsform-block-texto1\">\n<div class=\"formControls\">\n<div class=\"formBody\">\n<p style=\"text-align: center;\">\u2018Cuadernos de psicomotricidad\u2019 ofrece la posibilidad de realizar una suscripci\u00f3n anual, o solicitar n\u00fameros anteriores de la revista.<\/p>\n<p style=\"text-align: center;\">Puedes elegir la modalidad que prefieras <a href=\"https:\/\/luzaro.net\/cuadernosdepsicomotricidad\/suscripcion\/\"><span><span><span>aqu\u00ed<\/span><\/span><\/span>.<\/a><\/p>\n<\/div>\n<\/div>\n<\/div>\n<\/div>\n<\/div><\/div><div class=\"w-separator size_small\"><\/div><div class=\"w-btn-wrapper align_center\"><a class=\"w-btn us-btn-style_3 botoi-w100 icon_atright\" href=\"http:\/\/luzaro.garapena.eus\/harpidetza\/\"><span class=\"w-btn-label\">\u00a1Suscr\u00edbete!<\/span><i class=\"fas fa-angle-right\"><\/i><\/a><\/div><\/div><\/div><\/div><div class=\"w-separator size_medium\"><\/div><div class=\"w-gallery fit_contain type_grid ratio_3x4 count_52\" style=\"--columns:4;--items-gap:25px;\"><div class=\"w-gallery-list\"><div class=\"w-gallery-item\"><div class=\"w-gallery-item-img\"><img loading=\"lazy\" decoding=\"async\" width=\"254\" height=\"333\" src=\"https:\/\/luzaro.garapena.eus\/wp-content\/uploads\/2026\/05\/Cuaderno-de-piscomotricidad-no-52.jpg\" class=\"attachment-large size-large\" alt=\"\" srcset=\"https:\/\/luzaro.garapena.eus\/wp-content\/uploads\/2026\/05\/Cuaderno-de-piscomotricidad-no-52.jpg 254w, https:\/\/luzaro.garapena.eus\/wp-content\/uploads\/2026\/05\/Cuaderno-de-piscomotricidad-no-52-229x300.jpg 229w\" sizes=\"auto, (max-width: 254px) 100vw, 254px\" \/><\/div><div class=\"w-gallery-item-meta\"><div class=\"w-gallery-item-title\">Cuaderno de piscomotricidad n\u00ba (52)<\/div><\/div><\/div><div class=\"w-gallery-item\"><div class=\"w-gallery-item-img\"><img loading=\"lazy\" decoding=\"async\" width=\"254\" height=\"333\" src=\"https:\/\/luzaro.garapena.eus\/wp-content\/uploads\/2026\/05\/Cuaderno-de-piscomotricidad-no-51.jpg\" class=\"attachment-large size-large\" alt=\"\" srcset=\"https:\/\/luzaro.garapena.eus\/wp-content\/uploads\/2026\/05\/Cuaderno-de-piscomotricidad-no-51.jpg 254w, https:\/\/luzaro.garapena.eus\/wp-content\/uploads\/2026\/05\/Cuaderno-de-piscomotricidad-no-51-229x300.jpg 229w\" sizes=\"auto, (max-width: 254px) 100vw, 254px\" \/><\/div><div class=\"w-gallery-item-meta\"><div class=\"w-gallery-item-title\">Cuaderno de piscomotricidad n\u00ba (51)<\/div><\/div><\/div><div class=\"w-gallery-item\"><div class=\"w-gallery-item-img\"><img loading=\"lazy\" decoding=\"async\" width=\"254\" height=\"333\" src=\"https:\/\/luzaro.garapena.eus\/wp-content\/uploads\/2026\/05\/Cuaderno-de-piscomotricidad-no-50.jpg\" class=\"attachment-large size-large\" alt=\"\" srcset=\"https:\/\/luzaro.garapena.eus\/wp-content\/uploads\/2026\/05\/Cuaderno-de-piscomotricidad-no-50.jpg 254w, https:\/\/luzaro.garapena.eus\/wp-content\/uploads\/2026\/05\/Cuaderno-de-piscomotricidad-no-50-229x300.jpg 229w\" sizes=\"auto, (max-width: 254px) 100vw, 254px\" \/><\/div><div class=\"w-gallery-item-meta\"><div class=\"w-gallery-item-title\">Cuaderno de piscomotricidad n\u00ba (50)<\/div><\/div><\/div><div class=\"w-gallery-item\"><div class=\"w-gallery-item-img\"><img loading=\"lazy\" decoding=\"async\" width=\"254\" height=\"333\" src=\"https:\/\/luzaro.garapena.eus\/wp-content\/uploads\/2026\/05\/Cuaderno-de-piscomotricidad-no-49.jpg\" class=\"attachment-large size-large\" alt=\"\" srcset=\"https:\/\/luzaro.garapena.eus\/wp-content\/uploads\/2026\/05\/Cuaderno-de-piscomotricidad-no-49.jpg 254w, https:\/\/luzaro.garapena.eus\/wp-content\/uploads\/2026\/05\/Cuaderno-de-piscomotricidad-no-49-229x300.jpg 229w\" sizes=\"auto, (max-width: 254px) 100vw, 254px\" \/><\/div><div class=\"w-gallery-item-meta\"><div class=\"w-gallery-item-title\">Cuaderno de piscomotricidad n\u00ba (49)<\/div><\/div><\/div><div class=\"w-gallery-item\"><div class=\"w-gallery-item-img\"><img loading=\"lazy\" decoding=\"async\" width=\"254\" height=\"333\" src=\"https:\/\/luzaro.garapena.eus\/wp-content\/uploads\/2026\/05\/Cuaderno-de-piscomotricidad-no-48.jpg\" class=\"attachment-large size-large\" alt=\"\" srcset=\"https:\/\/luzaro.garapena.eus\/wp-content\/uploads\/2026\/05\/Cuaderno-de-piscomotricidad-no-48.jpg 254w, https:\/\/luzaro.garapena.eus\/wp-content\/uploads\/2026\/05\/Cuaderno-de-piscomotricidad-no-48-229x300.jpg 229w\" sizes=\"auto, (max-width: 254px) 100vw, 254px\" \/><\/div><div class=\"w-gallery-item-meta\"><div class=\"w-gallery-item-title\">Cuaderno de piscomotricidad n\u00ba (48)<\/div><\/div><\/div><div class=\"w-gallery-item\"><div class=\"w-gallery-item-img\"><img loading=\"lazy\" decoding=\"async\" width=\"254\" height=\"333\" src=\"https:\/\/luzaro.garapena.eus\/wp-content\/uploads\/2026\/05\/Cuaderno-de-piscomotricidad-no-47.jpg\" class=\"attachment-large size-large\" alt=\"\" srcset=\"https:\/\/luzaro.garapena.eus\/wp-content\/uploads\/2026\/05\/Cuaderno-de-piscomotricidad-no-47.jpg 254w, https:\/\/luzaro.garapena.eus\/wp-content\/uploads\/2026\/05\/Cuaderno-de-piscomotricidad-no-47-229x300.jpg 229w\" sizes=\"auto, (max-width: 254px) 100vw, 254px\" \/><\/div><div class=\"w-gallery-item-meta\"><div class=\"w-gallery-item-title\">Cuaderno de piscomotricidad n\u00ba (47)<\/div><\/div><\/div><div class=\"w-gallery-item\"><div class=\"w-gallery-item-img\"><img loading=\"lazy\" decoding=\"async\" width=\"254\" height=\"333\" src=\"https:\/\/luzaro.garapena.eus\/wp-content\/uploads\/2026\/05\/Cuaderno-de-piscomotricidad-no-46.jpg\" class=\"attachment-large size-large\" alt=\"\" srcset=\"https:\/\/luzaro.garapena.eus\/wp-content\/uploads\/2026\/05\/Cuaderno-de-piscomotricidad-no-46.jpg 254w, https:\/\/luzaro.garapena.eus\/wp-content\/uploads\/2026\/05\/Cuaderno-de-piscomotricidad-no-46-229x300.jpg 229w\" sizes=\"auto, (max-width: 254px) 100vw, 254px\" \/><\/div><div class=\"w-gallery-item-meta\"><div class=\"w-gallery-item-title\">Cuaderno de piscomotricidad n\u00ba (46)<\/div><\/div><\/div><div class=\"w-gallery-item\"><div class=\"w-gallery-item-img\"><img loading=\"lazy\" decoding=\"async\" width=\"254\" height=\"333\" src=\"https:\/\/luzaro.garapena.eus\/wp-content\/uploads\/2026\/05\/Cuaderno-de-piscomotricidad-no-45.jpg\" class=\"attachment-large size-large\" alt=\"\" srcset=\"https:\/\/luzaro.garapena.eus\/wp-content\/uploads\/2026\/05\/Cuaderno-de-piscomotricidad-no-45.jpg 254w, https:\/\/luzaro.garapena.eus\/wp-content\/uploads\/2026\/05\/Cuaderno-de-piscomotricidad-no-45-229x300.jpg 229w\" sizes=\"auto, (max-width: 254px) 100vw, 254px\" \/><\/div><div class=\"w-gallery-item-meta\"><div class=\"w-gallery-item-title\">Cuaderno de piscomotricidad n\u00ba (45)<\/div><\/div><\/div><div class=\"w-gallery-item\"><div class=\"w-gallery-item-img\"><img loading=\"lazy\" decoding=\"async\" width=\"254\" height=\"333\" src=\"https:\/\/luzaro.garapena.eus\/wp-content\/uploads\/2026\/05\/Cuaderno-de-piscomotricidad-no-44.jpg\" class=\"attachment-large size-large\" alt=\"\" srcset=\"https:\/\/luzaro.garapena.eus\/wp-content\/uploads\/2026\/05\/Cuaderno-de-piscomotricidad-no-44.jpg 254w, https:\/\/luzaro.garapena.eus\/wp-content\/uploads\/2026\/05\/Cuaderno-de-piscomotricidad-no-44-229x300.jpg 229w\" sizes=\"auto, (max-width: 254px) 100vw, 254px\" \/><\/div><div class=\"w-gallery-item-meta\"><div class=\"w-gallery-item-title\">Cuaderno de piscomotricidad n\u00ba (44)<\/div><\/div><\/div><div class=\"w-gallery-item\"><div class=\"w-gallery-item-img\"><img loading=\"lazy\" decoding=\"async\" width=\"254\" height=\"331\" src=\"https:\/\/luzaro.garapena.eus\/wp-content\/uploads\/2026\/05\/Cuaderno-de-piscomotricidad-no-43.jpg\" class=\"attachment-large size-large\" alt=\"\" srcset=\"https:\/\/luzaro.garapena.eus\/wp-content\/uploads\/2026\/05\/Cuaderno-de-piscomotricidad-no-43.jpg 254w, https:\/\/luzaro.garapena.eus\/wp-content\/uploads\/2026\/05\/Cuaderno-de-piscomotricidad-no-43-230x300.jpg 230w\" sizes=\"auto, (max-width: 254px) 100vw, 254px\" \/><\/div><div class=\"w-gallery-item-meta\"><div class=\"w-gallery-item-title\">Cuaderno de piscomotricidad n\u00ba (43)<\/div><\/div><\/div><div class=\"w-gallery-item\"><div class=\"w-gallery-item-img\"><img loading=\"lazy\" decoding=\"async\" width=\"254\" height=\"333\" src=\"https:\/\/luzaro.garapena.eus\/wp-content\/uploads\/2026\/05\/Cuaderno-de-piscomotricidad-no-42.jpg\" class=\"attachment-large size-large\" alt=\"\" srcset=\"https:\/\/luzaro.garapena.eus\/wp-content\/uploads\/2026\/05\/Cuaderno-de-piscomotricidad-no-42.jpg 254w, https:\/\/luzaro.garapena.eus\/wp-content\/uploads\/2026\/05\/Cuaderno-de-piscomotricidad-no-42-229x300.jpg 229w\" sizes=\"auto, (max-width: 254px) 100vw, 254px\" \/><\/div><div class=\"w-gallery-item-meta\"><div class=\"w-gallery-item-title\">Cuaderno de piscomotricidad n\u00ba (42)<\/div><\/div><\/div><div class=\"w-gallery-item\"><div class=\"w-gallery-item-img\"><img loading=\"lazy\" decoding=\"async\" width=\"254\" height=\"333\" src=\"https:\/\/luzaro.garapena.eus\/wp-content\/uploads\/2026\/05\/Cuaderno-de-piscomotricidad-no-41.jpg\" class=\"attachment-large size-large\" alt=\"\" srcset=\"https:\/\/luzaro.garapena.eus\/wp-content\/uploads\/2026\/05\/Cuaderno-de-piscomotricidad-no-41.jpg 254w, https:\/\/luzaro.garapena.eus\/wp-content\/uploads\/2026\/05\/Cuaderno-de-piscomotricidad-no-41-229x300.jpg 229w\" sizes=\"auto, (max-width: 254px) 100vw, 254px\" \/><\/div><div class=\"w-gallery-item-meta\"><div class=\"w-gallery-item-title\">Cuaderno de piscomotricidad n\u00ba (41)<\/div><\/div><\/div><\/div><div class=\"w-gallery-loadmore\" style=\"--btn-indent:1.5em\"><button class=\"w-btn us-btn-style_1\" type=\"button\"><span class=\"w-btn-label\">Cargar m\u00e1s<\/span><\/button><div class=\"g-preloader type_1\"><div><\/div><\/div><\/div><div class=\"w-gallery-json hidden\"  onclick='return {&quot;action&quot;:&quot;us_ajax_gallery&quot;,&quot;template_vars&quot;:{&quot;ids&quot;:[659,658,657,656,655,654,653,652,651,650,649,648,647,646,645,644,643,642,641,640,639,638,637,636,635,634,633,628,627,629,630,631,632,626,625,624,623,622,621,620,619,618,617,616,615,614,613,612,611,610,609,608],&quot;img_size&quot;:&quot;large&quot;,&quot;items_click_action&quot;:&quot;none&quot;,&quot;items_link&quot;:&quot;{\\&quot;url\\&quot;:\\&quot;\\&quot;}&quot;,&quot;items_title&quot;:&quot;1&quot;,&quot;max_num_pages&quot;:5,&quot;quantity&quot;:&quot;12&quot;,&quot;pagination&quot;:&quot;load_on_btn&quot;},&quot;_us_nonce&quot;:&quot;e87659aa28&quot;}'><\/div><\/div><div class=\"w-separator size_small\"><\/div><div class=\"w-btn-wrapper align_none\"><a class=\"w-btn us-btn-style_3 botoi-w100 icon_atleft\" href=\"http:\/\/luzaro.garapena.eus\/es\/\"><i class=\"fas fa-angle-left\"><\/i><span class=\"w-btn-label\">Atr\u00e1s<\/span><\/a><\/div><div class=\"w-separator size_large\"><\/div><\/div><\/div><\/div><\/div><\/section>\n","protected":false},"excerpt":{"rendered":"InicioP\u00e1ginasRevistasCuadernos de psicomotricidad es una publicaci\u00f3n cuyo objetivo es difundir y asentar nuestra profesionalidad intentando aportar contenidos \u00fatiles para el desarrollo y profundizaci\u00f3n de la pr\u00e1ctica psicomotriz. Es una herramienta m\u00e1s de las que disponemos en la Escuela de Psicomotricidad Luzaro para construir una estructura de formaci\u00f3n y actualizaci\u00f3n profesional de las y los psicomotricistas...","protected":false},"author":1,"featured_media":0,"parent":0,"menu_order":0,"comment_status":"closed","ping_status":"closed","template":"","meta":{"footnotes":""},"class_list":["post-892","page","type-page","status-publish","hentry"],"_links":{"self":[{"href":"https:\/\/luzaro.garapena.eus\/es\/wp-json\/wp\/v2\/pages\/892","targetHints":{"allow":["GET"]}}],"collection":[{"href":"https:\/\/luzaro.garapena.eus\/es\/wp-json\/wp\/v2\/pages"}],"about":[{"href":"https:\/\/luzaro.garapena.eus\/es\/wp-json\/wp\/v2\/types\/page"}],"author":[{"embeddable":true,"href":"https:\/\/luzaro.garapena.eus\/es\/wp-json\/wp\/v2\/users\/1"}],"replies":[{"embeddable":true,"href":"https:\/\/luzaro.garapena.eus\/es\/wp-json\/wp\/v2\/comments?post=892"}],"version-history":[{"count":2,"href":"https:\/\/luzaro.garapena.eus\/es\/wp-json\/wp\/v2\/pages\/892\/revisions"}],"predecessor-version":[{"id":894,"href":"https:\/\/luzaro.garapena.eus\/es\/wp-json\/wp\/v2\/pages\/892\/revisions\/894"}],"wp:attachment":[{"href":"https:\/\/luzaro.garapena.eus\/es\/wp-json\/wp\/v2\/media?parent=892"}],"curies":[{"name":"wp","href":"https:\/\/api.w.org\/{rel}","templated":true}]}}