{"id":856,"date":"2026-05-11T11:11:27","date_gmt":"2026-05-11T10:11:27","guid":{"rendered":"https:\/\/luzaro.garapena.eus\/jornadas-de-piscomotricidad\/"},"modified":"2026-05-15T07:27:45","modified_gmt":"2026-05-15T06:27:45","slug":"jornadas-de-piscomotricidad","status":"publish","type":"page","link":"https:\/\/luzaro.garapena.eus\/es\/jornadas-de-piscomotricidad\/","title":{"rendered":"Jornadas de piscomotricidad"},"content":{"rendered":"<section class=\"l-section wpb_row height_medium\"><div class=\"l-section-h i-cf\"><div class=\"g-cols vc_row via_grid cols_1 laptops-cols_inherit tablets-cols_inherit mobiles-cols_1 valign_top type_default stacking_default\"><div class=\"wpb_column vc_column_container\"><div class=\"vc_column-inner\"><nav class=\"g-breadcrumbs us_custom_0259209c has_text_color separator_icon align_none\" itemscope itemtype=\"http:\/\/schema.org\/BreadcrumbList\"><div class=\"g-breadcrumbs-item\" itemscope itemprop=\"itemListElement\" itemtype=\"http:\/\/schema.org\/ListItem\"><a itemprop=\"item\" href=\"https:\/\/luzaro.garapena.eus\/es\/\"><span itemprop=\"name\">Inicio<\/span><\/a><meta itemprop=\"position\" content=\"1\"\/><\/div><div class=\"g-breadcrumbs-separator\"><i class=\"far fa-angle-right\"><\/i><\/div><div class=\"g-breadcrumbs-item\">P\u00e1ginas<\/div><\/nav><h1 class=\"w-post-elm post_title entry-title color_link_inherit\">Jornadas de piscomotricidad<\/h1><div class=\"w-hwrapper valign_middle us_custom_781b6ed2 align_left\" style=\"--hwrapper-gap:2.3rem\"><div class=\"w-image us_custom_2d2f10e8 align_left\"><div class=\"w-image-h\"><img decoding=\"async\" width=\"260\" height=\"336\" src=\"https:\/\/luzaro.garapena.eus\/wp-content\/uploads\/2026\/05\/Psikomotrizitate-jardunaldiak-2025-KARTELA-GAZT-scaled-1.png\" class=\"attachment-large size-large\" alt=\"\" loading=\"lazy\" srcset=\"https:\/\/luzaro.garapena.eus\/wp-content\/uploads\/2026\/05\/Psikomotrizitate-jardunaldiak-2025-KARTELA-GAZT-scaled-1.png 260w, https:\/\/luzaro.garapena.eus\/wp-content\/uploads\/2026\/05\/Psikomotrizitate-jardunaldiak-2025-KARTELA-GAZT-scaled-1-232x300.png 232w\" sizes=\"auto, (max-width: 260px) 100vw, 260px\" \/><\/div><\/div><div class=\"w-vwrapper align_none valign_top us_custom_ba6cec76\" style=\"--vwrapper-gap:0.7rem\"><div class=\"wpb_text_column\"><div class=\"wpb_wrapper\"><h2>\u00a1Finalizadas las XVII Jornadas de Psicomotricidad!<\/h2>\n<p>Cerramos esta edici\u00f3n con un fin de semana lleno de encuentros, experiencias y reflexiones. \u00a1Gracias a todas las personas que participasteis por hacerlo posible!<br \/>\nYa est\u00e1n disponibles las nuevas formaciones para seguir creciendo profesional y personalmente.<\/p>\n<\/div><\/div><div class=\"w-btn-wrapper align_none\"><a class=\"w-btn us-btn-style_3 botoi-w100 icon_atright\" href=\"#\"><span class=\"w-btn-label\">Ir a los cursos<\/span><i class=\"fas fa-angle-right\"><\/i><\/a><\/div><\/div><\/div><\/div><\/div><\/div><\/div><\/section><section class=\"l-section wpb_row us_custom_b440d71f height_auto\"><div class=\"l-section-h i-cf\"><div class=\"g-cols vc_row via_grid cols_1 laptops-cols_inherit tablets-cols_inherit mobiles-cols_1 valign_top type_default stacking_default\"><div class=\"wpb_column vc_column_container\"><div class=\"vc_column-inner\"><div class=\"w-video align_none ratio_16x9 has_iframe\"><div class=\"w-video-h\"><iframe title=\"Youtube video player\" src=\"\/\/www.youtube.com\/embed\/JEkG3VVwUNk?autoplay=0&controls=1&origin=https:\/\/luzaro.garapena.eus\/es\/&loop=0&mute=0\" allowfullscreen=\"1\" loading=\"lazy\"><\/iframe><\/div><\/div><\/div><\/div><\/div><\/div><\/section><section class=\"l-section wpb_row us_custom_a5fa9645 height_medium\"><div class=\"l-section-h i-cf\"><div class=\"g-cols vc_row via_grid cols_1 laptops-cols_inherit tablets-cols_inherit mobiles-cols_1 valign_top type_default stacking_default\"><div class=\"wpb_column vc_column_container\"><div class=\"vc_column-inner\"><div class=\"w-separator size_huge\"><\/div><div class=\"w-separator size_huge\"><\/div><div class=\"w-content-carousel items_1 us_custom_556d5353\"><div class=\"owl-carousel valign_stretch dotstyle_circle navstyle_circle arrows-ver-pos_middle arrows-hor-pos_on_sides_outside arrows-disabled_hide owl-responsive-2000 with_arrows\" style=\"--items-gap:30px;--transition-duration:350ms;--arrows-size:1.5rem;--arrows-gap:10px;\" onclick=\"return {&quot;aria_labels&quot;:{&quot;prev&quot;:&quot;Anterior&quot;,&quot;next&quot;:&quot;Siguiente&quot;},&quot;autoplayContinual&quot;:false,&quot;autoplayContinualCss&quot;:false,&quot;autoplayHoverPause&quot;:false,&quot;autoplayTimeout&quot;:3000,&quot;autoWidth&quot;:false,&quot;smartSpeed&quot;:350,&quot;margin&quot;:30,&quot;mouseDrag&quot;:true,&quot;rtl&quot;:false,&quot;slideBy&quot;:&quot;1&quot;,&quot;touchDrag&quot;:true,&quot;slideTransition&quot;:&quot;&quot;,&quot;responsive&quot;:{&quot;0&quot;:{&quot;autoHeight&quot;:false,&quot;autoplay&quot;:false,&quot;autoplayContinualCss&quot;:false,&quot;autoWidth&quot;:false,&quot;center&quot;:false,&quot;dots&quot;:false,&quot;items&quot;:1,&quot;loop&quot;:false,&quot;nav&quot;:false,&quot;stagePadding&quot;:0,&quot;slideBy&quot;:&quot;1&quot;,&quot;touchDrag&quot;:true,&quot;mouseDrag&quot;:true},&quot;601&quot;:{&quot;autoHeight&quot;:false,&quot;autoplay&quot;:false,&quot;autoplayContinualCss&quot;:false,&quot;autoWidth&quot;:false,&quot;center&quot;:false,&quot;dots&quot;:false,&quot;items&quot;:1,&quot;loop&quot;:false,&quot;nav&quot;:true,&quot;stagePadding&quot;:0}}}\"><div class=\"w-hwrapper valign_middle us_custom_bfadeeb3 align_justify\" style=\"--hwrapper-gap:0rem\"><div class=\"w-vwrapper align_none valign_top us_custom_15449893\" style=\"--vwrapper-gap:0rem\"><div class=\"w-image us_custom_21cb1002 align_none\"><div class=\"w-image-h\"><img decoding=\"async\" width=\"442\" height=\"400\" src=\"https:\/\/luzaro.garapena.eus\/wp-content\/uploads\/2026\/05\/psico-1.png\" class=\"attachment-large size-large\" alt=\"\" loading=\"lazy\" srcset=\"https:\/\/luzaro.garapena.eus\/wp-content\/uploads\/2026\/05\/psico-1.png 442w, https:\/\/luzaro.garapena.eus\/wp-content\/uploads\/2026\/05\/psico-1-300x271.png 300w\" sizes=\"auto, (max-width: 442px) 100vw, 442px\" \/><\/div><\/div><\/div><div class=\"wpb_text_column us_custom_3b00f033\"><div class=\"wpb_wrapper\"><h3>Origen y desarrollo<\/h3>\n<p>Las Jornadas de Psicomotricidad comenzaron a principios de la d\u00e9cada de 1980 en Vitoria, como una iniciativa de Luzaro, Escuela de Psicomotricidad, dirigida a promover el conocimiento y el debate sobre la psicomotricidad y su desarrollo formativo, te\u00f3rico y pr\u00e1ctico.<\/p>\n<\/div><\/div><\/div><div class=\"w-hwrapper valign_middle us_custom_8689d84c align_justify\" style=\"--hwrapper-gap:0rem\"><div class=\"wpb_text_column us_custom_2d6958d6\"><div class=\"wpb_wrapper\"><div class=\"wpb_text_column wpb_content_element \">\n<div class=\"wpb_wrapper\">\n<div class=\"wpb_text_column wpb_content_element \">\n<div class=\"wpb_wrapper\">\n<h3>Impacto y relevancia<\/h3>\n<\/div>\n<\/div>\n<div class=\"wpb_text_column wpb_content_element \">\n<div class=\"wpb_wrapper\">\n<div class=\"row\">\n<div class=\"col-md-12 col-xs-12\">\n<p>A lo largo de los a\u00f1os, las Jornadas se han consolidado como un evento destacado en el calendario acad\u00e9mico y profesional de Euskal Herria. Han contribuido significativamente al avance del conocimiento en el campo de la psicomotricidad y han fomentado una mayor comprensi\u00f3n de su importancia en el desarrollo integral de las personas. Adem\u00e1s, estas Jornadas han servido como plataforma para la presentaci\u00f3n de investigaciones y pr\u00e1cticas innovadoras, as\u00ed como para la promoci\u00f3n de nuevos campos de desarrollo dela pr\u00e1ctica psicomotriz.<\/p>\n<p>Algunos de los temas tratados en las \u00faltimas ediciones son: \u201cCuerpo y realidad\u201d, \u201cLa importancia de cuidar el juego\u201d, \u201cEl valor del v\u00ednculo\u201d\u2026<\/p>\n<\/div>\n<\/div>\n<\/div>\n<\/div>\n<\/div>\n<\/div>\n<\/div><\/div><div class=\"w-vwrapper align_none valign_justify us_custom_15449893\" style=\"--vwrapper-gap:0rem\"><div class=\"w-image us_custom_3e18b9f2 has_height align_none\"><div class=\"w-image-h\"><img decoding=\"async\" width=\"458\" height=\"391\" src=\"https:\/\/luzaro.garapena.eus\/wp-content\/uploads\/2026\/05\/psico1-2.png\" class=\"attachment-large size-large\" alt=\"\" loading=\"lazy\" srcset=\"https:\/\/luzaro.garapena.eus\/wp-content\/uploads\/2026\/05\/psico1-2.png 458w, https:\/\/luzaro.garapena.eus\/wp-content\/uploads\/2026\/05\/psico1-2-300x256.png 300w\" sizes=\"auto, (max-width: 458px) 100vw, 458px\" \/><\/div><\/div><\/div><\/div><div class=\"w-hwrapper valign_middle us_custom_5d5fd26a align_justify\" style=\"--hwrapper-gap:0rem\"><div class=\"w-vwrapper align_none valign_top us_custom_15449893\" style=\"--vwrapper-gap:0rem\"><div class=\"w-image us_custom_3fe468c7 align_none\"><div class=\"w-image-h\"><img decoding=\"async\" width=\"410\" height=\"421\" src=\"https:\/\/luzaro.garapena.eus\/wp-content\/uploads\/2026\/05\/Grupo-154.png\" class=\"attachment-large size-large\" alt=\"\" loading=\"lazy\" srcset=\"https:\/\/luzaro.garapena.eus\/wp-content\/uploads\/2026\/05\/Grupo-154.png 410w, https:\/\/luzaro.garapena.eus\/wp-content\/uploads\/2026\/05\/Grupo-154-292x300.png 292w\" sizes=\"auto, (max-width: 410px) 100vw, 410px\" \/><\/div><\/div><\/div><div class=\"wpb_text_column us_custom_3b00f033\"><div class=\"wpb_wrapper\"><div class=\"wpb_text_column wpb_content_element \">\n<div class=\"wpb_wrapper\">\n<h3>Objetivos y tem\u00e1ticas<\/h3>\n<\/div>\n<\/div>\n<div class=\"wpb_text_column wpb_content_element \">\n<div class=\"wpb_wrapper\">\n<p>Desde su creaci\u00f3n las Jornadas han ido abordando, con la participaci\u00f3n de numerosos e importantes profesionales y expertos nacionales e internacionales, diferentes perspectivas y tem\u00e1ticas, siempre relacionadas con lo que nos parece fundamental: la vida del ser humano comprendida desde los procesos de maduraci\u00f3n de la infancia, y la profundizaci\u00f3n en el desarrollo profesional de la psicomotricidad como un medio privilegiado de acompa\u00f1amiento de dichos procesos. Se han tratado temas relativos a los campos de la educaci\u00f3n, la terapia y el desarrollo profesional, creando un espacio de intercambio de ideas y experiencias.<\/p>\n<\/div>\n<\/div>\n<\/div><\/div><\/div><\/div><\/div><div class=\"w-separator size_medium\"><\/div><\/div><\/div><\/div><\/div><\/section><section class=\"l-section wpb_row height_medium\"><div class=\"l-section-h i-cf\"><div class=\"g-cols vc_row via_grid cols_1 laptops-cols_inherit tablets-cols_inherit mobiles-cols_1 valign_top type_default stacking_default\"><div class=\"wpb_column vc_column_container\"><div class=\"vc_column-inner\"><div class=\"wpb_text_column us_custom_3b00f033\"><div class=\"wpb_wrapper\"><div class=\"wpb_text_column wpb_content_element \">\n<div class=\"wpb_wrapper\">\n<h2>Ediciones anteriores<\/h2>\n<\/div>\n<\/div>\n<\/div><\/div><div class=\"w-gallery fit_cover type_grid action_popup_image ratio_3x4 count_6\" style=\"--columns:3;--items-gap:10px;\"><div class=\"w-gallery-list\"><div class=\"w-gallery-item\"><div class=\"w-gallery-item-img\"><img loading=\"lazy\" decoding=\"async\" width=\"274\" height=\"591\" src=\"https:\/\/luzaro.garapena.eus\/wp-content\/uploads\/2026\/05\/Jardunaldiak-2011.jpg\" class=\"attachment-large size-large\" alt=\"\" srcset=\"https:\/\/luzaro.garapena.eus\/wp-content\/uploads\/2026\/05\/Jardunaldiak-2011.jpg 274w, https:\/\/luzaro.garapena.eus\/wp-content\/uploads\/2026\/05\/Jardunaldiak-2011-139x300.jpg 139w\" sizes=\"auto, (max-width: 274px) 100vw, 274px\" \/><\/div><a class=\"w-gallery-item-link\" aria-label=\"Jardunaldiak-2011\" href=\"https:\/\/luzaro.garapena.eus\/wp-content\/uploads\/2026\/05\/Jardunaldiak-2011.jpg\"><\/a><\/div><div class=\"w-gallery-item\"><div class=\"w-gallery-item-img\"><img loading=\"lazy\" decoding=\"async\" width=\"418\" height=\"591\" src=\"https:\/\/luzaro.garapena.eus\/wp-content\/uploads\/2026\/05\/Jardunaldiak-2013.jpg\" class=\"attachment-large size-large\" alt=\"\" srcset=\"https:\/\/luzaro.garapena.eus\/wp-content\/uploads\/2026\/05\/Jardunaldiak-2013.jpg 418w, https:\/\/luzaro.garapena.eus\/wp-content\/uploads\/2026\/05\/Jardunaldiak-2013-212x300.jpg 212w\" sizes=\"auto, (max-width: 418px) 100vw, 418px\" \/><\/div><a class=\"w-gallery-item-link\" aria-label=\"Jardunaldiak-2013\" href=\"https:\/\/luzaro.garapena.eus\/wp-content\/uploads\/2026\/05\/Jardunaldiak-2013.jpg\"><\/a><\/div><div class=\"w-gallery-item\"><div class=\"w-gallery-item-img\"><img loading=\"lazy\" decoding=\"async\" width=\"467\" height=\"1024\" src=\"https:\/\/luzaro.garapena.eus\/wp-content\/uploads\/2026\/05\/Jardunaldiak-2017-467x1024-1.jpg\" class=\"attachment-large size-large\" alt=\"\" srcset=\"https:\/\/luzaro.garapena.eus\/wp-content\/uploads\/2026\/05\/Jardunaldiak-2017-467x1024-1.jpg 467w, https:\/\/luzaro.garapena.eus\/wp-content\/uploads\/2026\/05\/Jardunaldiak-2017-467x1024-1-137x300.jpg 137w\" sizes=\"auto, (max-width: 467px) 100vw, 467px\" \/><\/div><a class=\"w-gallery-item-link\" aria-label=\"Jardunaldiak-2017-467x1024\" href=\"https:\/\/luzaro.garapena.eus\/wp-content\/uploads\/2026\/05\/Jardunaldiak-2017-467x1024-1.jpg\"><\/a><\/div><div class=\"w-gallery-item\"><div class=\"w-gallery-item-img\"><img loading=\"lazy\" decoding=\"async\" width=\"469\" height=\"1024\" src=\"https:\/\/luzaro.garapena.eus\/wp-content\/uploads\/2026\/05\/Jardunaldiak-2019-469x1024-1.jpg\" class=\"attachment-large size-large\" alt=\"\" srcset=\"https:\/\/luzaro.garapena.eus\/wp-content\/uploads\/2026\/05\/Jardunaldiak-2019-469x1024-1.jpg 469w, https:\/\/luzaro.garapena.eus\/wp-content\/uploads\/2026\/05\/Jardunaldiak-2019-469x1024-1-137x300.jpg 137w\" sizes=\"auto, (max-width: 469px) 100vw, 469px\" \/><\/div><a class=\"w-gallery-item-link\" aria-label=\"Jardunaldiak-2019-469x1024\" href=\"https:\/\/luzaro.garapena.eus\/wp-content\/uploads\/2026\/05\/Jardunaldiak-2019-469x1024-1.jpg\"><\/a><\/div><div class=\"w-gallery-item\"><div class=\"w-gallery-item-img\"><img loading=\"lazy\" decoding=\"async\" width=\"467\" height=\"1024\" src=\"https:\/\/luzaro.garapena.eus\/wp-content\/uploads\/2026\/05\/Jardunaldiak-2021-467x1024-1.jpg\" class=\"attachment-large size-large\" alt=\"\" srcset=\"https:\/\/luzaro.garapena.eus\/wp-content\/uploads\/2026\/05\/Jardunaldiak-2021-467x1024-1.jpg 467w, https:\/\/luzaro.garapena.eus\/wp-content\/uploads\/2026\/05\/Jardunaldiak-2021-467x1024-1-137x300.jpg 137w\" sizes=\"auto, (max-width: 467px) 100vw, 467px\" \/><\/div><a class=\"w-gallery-item-link\" aria-label=\"Jardunaldiak-2021-467x1024\" href=\"https:\/\/luzaro.garapena.eus\/wp-content\/uploads\/2026\/05\/Jardunaldiak-2021-467x1024-1.jpg\"><\/a><\/div><div class=\"w-gallery-item\"><div class=\"w-gallery-item-img\"><img loading=\"lazy\" decoding=\"async\" width=\"475\" height=\"1024\" src=\"https:\/\/luzaro.garapena.eus\/wp-content\/uploads\/2026\/05\/Jardunaldiak-2023-2-475x1024-1.jpg\" class=\"attachment-large size-large\" alt=\"\" srcset=\"https:\/\/luzaro.garapena.eus\/wp-content\/uploads\/2026\/05\/Jardunaldiak-2023-2-475x1024-1.jpg 475w, https:\/\/luzaro.garapena.eus\/wp-content\/uploads\/2026\/05\/Jardunaldiak-2023-2-475x1024-1-139x300.jpg 139w\" sizes=\"auto, (max-width: 475px) 100vw, 475px\" \/><\/div><a class=\"w-gallery-item-link\" aria-label=\"Jardunaldiak-2023-2-475x1024\" href=\"https:\/\/luzaro.garapena.eus\/wp-content\/uploads\/2026\/05\/Jardunaldiak-2023-2-475x1024-1.jpg\"><\/a><\/div><\/div><\/div><div class=\"w-separator size_large\"><\/div><\/div><\/div><\/div><\/div><\/section>\n","protected":false},"excerpt":{"rendered":"InicioP\u00e1ginasJornadas de piscomotricidad\u00a1Finalizadas las XVII Jornadas de Psicomotricidad! Cerramos esta edici\u00f3n con un fin de semana lleno de encuentros, experiencias y reflexiones. \u00a1Gracias a todas las personas que participasteis por hacerlo posible! Ya est\u00e1n disponibles las nuevas formaciones para seguir creciendo profesional y personalmente. Ir a los cursosOrigen y desarrollo Las Jornadas de Psicomotricidad comenzaron...","protected":false},"author":1,"featured_media":0,"parent":0,"menu_order":0,"comment_status":"closed","ping_status":"closed","template":"","meta":{"footnotes":""},"class_list":["post-856","page","type-page","status-publish","hentry"],"_links":{"self":[{"href":"https:\/\/luzaro.garapena.eus\/es\/wp-json\/wp\/v2\/pages\/856","targetHints":{"allow":["GET"]}}],"collection":[{"href":"https:\/\/luzaro.garapena.eus\/es\/wp-json\/wp\/v2\/pages"}],"about":[{"href":"https:\/\/luzaro.garapena.eus\/es\/wp-json\/wp\/v2\/types\/page"}],"author":[{"embeddable":true,"href":"https:\/\/luzaro.garapena.eus\/es\/wp-json\/wp\/v2\/users\/1"}],"replies":[{"embeddable":true,"href":"https:\/\/luzaro.garapena.eus\/es\/wp-json\/wp\/v2\/comments?post=856"}],"version-history":[{"count":10,"href":"https:\/\/luzaro.garapena.eus\/es\/wp-json\/wp\/v2\/pages\/856\/revisions"}],"predecessor-version":[{"id":6387,"href":"https:\/\/luzaro.garapena.eus\/es\/wp-json\/wp\/v2\/pages\/856\/revisions\/6387"}],"wp:attachment":[{"href":"https:\/\/luzaro.garapena.eus\/es\/wp-json\/wp\/v2\/media?parent=856"}],"curies":[{"name":"wp","href":"https:\/\/api.w.org\/{rel}","templated":true}]}}