{"id":848,"date":"2026-04-17T07:24:08","date_gmt":"2026-04-17T06:24:08","guid":{"rendered":"https:\/\/luzaro.garapena.eus\/psicomotricidad\/"},"modified":"2026-05-15T07:19:40","modified_gmt":"2026-05-15T06:19:40","slug":"psicomotricidad","status":"publish","type":"page","link":"https:\/\/luzaro.garapena.eus\/es\/psicomotricidad\/","title":{"rendered":"Psicomotricidad"},"content":{"rendered":"<section class=\"l-section wpb_row height_auto\"><div class=\"l-section-h i-cf\"><div class=\"g-cols vc_row via_grid cols_1 laptops-cols_inherit tablets-cols_inherit mobiles-cols_1 valign_top type_default stacking_default\"><div class=\"wpb_column vc_column_container\"><div class=\"vc_column-inner\"><div class=\"w-separator size_medium\"><\/div><div class=\"w-separator size_small\"><\/div><nav class=\"g-breadcrumbs us_custom_0259209c has_text_color separator_icon align_none\" itemscope itemtype=\"http:\/\/schema.org\/BreadcrumbList\"><div class=\"g-breadcrumbs-item\" itemscope itemprop=\"itemListElement\" itemtype=\"http:\/\/schema.org\/ListItem\"><a itemprop=\"item\" href=\"https:\/\/luzaro.garapena.eus\/es\/\"><span itemprop=\"name\">Inicio<\/span><\/a><meta itemprop=\"position\" content=\"1\"\/><\/div><div class=\"g-breadcrumbs-separator\"><i class=\"far fa-angle-right\"><\/i><\/div><div class=\"g-breadcrumbs-item\">P\u00e1ginas<\/div><\/nav><div class=\"w-hwrapper valign_top us_custom_5b037ef8 align_left\" style=\"--hwrapper-gap:0rem\"><h1 class=\"w-text us_custom_4fba15d6 has_text_color\"><span class=\"w-text-h\"><span class=\"w-text-value\">\u00bfQu\u00e9 es la psicomotricidad<\/span><\/span><\/h1><div class=\"w-image us_custom_647aa57f align_none\"><div class=\"w-image-h\"><img decoding=\"async\" width=\"231\" height=\"173\" src=\"https:\/\/luzaro.garapena.eus\/wp-content\/uploads\/2026\/05\/Grupo-153.png\" class=\"attachment-large size-large\" alt=\"\" loading=\"lazy\" \/><\/div><\/div><\/div><div class=\"g-cols wpb_row us_custom_edd5e664 via_grid cols_2 laptops-cols_inherit tablets-cols_inherit mobiles-cols_1 valign_top type_default stacking_default\" style=\"--columns-gap:1.6rem;\"><div class=\"wpb_column vc_column_container\"><div class=\"vc_column-inner\"><div class=\"w-separator size_large\"><\/div><div class=\"w-separator hide_on_default hide_on_laptops size_small\"><\/div><div class=\"wpb_text_column\"><div class=\"wpb_wrapper\"><h2>La Pr\u00e1ctica Psicomotriz tiene por objetivo la maduraci\u00f3n psicol\u00f3gica de los ni\u00f1os y ni\u00f1as a trav\u00e9s de la v\u00eda motriz.<\/h2>\n<\/div><\/div><div class=\"w-separator size_small\"><\/div><div class=\"wpb_text_column\"><div class=\"wpb_wrapper\"><p>La pr\u00e1ctica psicomotriz tiene como objetivo ofrecer a las ni\u00f1as y ni\u00f1os un espacio cuidadosamente estudiado y preparado para que puedan desarrollar recursos propios con los que afrontar los procesos de maduraci\u00f3n psicol\u00f3gica necesarios para un desarrollo suficientemente saludable.<\/p>\n<p>Un espacio que cuenta con la presencia de una persona\/profesional que cuenta con una intensa y rigurosa formaci\u00f3n en actitudes como la escucha, la empat\u00eda, el acompa\u00f1amiento, la capacidad de acogida, de sostenimiento, de seguridad y de contenci\u00f3n de las acciones. movimiento y juegos de las ni\u00f1as y ni\u00f1os, as\u00ed como de su comprensi\u00f3n y sentido.<\/p>\n<p>\u00bfQu\u00e9 entendemos por maduraci\u00f3n psicol\u00f3gica? El proceso que va de la acci\u00f3n, el juego y el movimiento a la generaci\u00f3n de pensamiento, es decir el proceso por el que el ni\u00f1o accede al mundo simb\u00f3lico y desarrolla sus representaciones mentales conscientes e inconscientes a partir de sus acciones, sus sensaciones y sus emociones.<\/p>\n<\/div><\/div><div class=\"w-separator size_medium\"><\/div><\/div><\/div><div class=\"wpb_column vc_column_container\"><div class=\"vc_column-inner\"><div class=\"w-image us_custom_c88bf169 hide_on_tablets hide_on_mobiles align_right\"><div class=\"w-image-h\"><img decoding=\"async\" width=\"588\" height=\"642\" src=\"https:\/\/luzaro.garapena.eus\/wp-content\/uploads\/2026\/05\/psico5.png\" class=\"attachment-large size-large\" alt=\"\" loading=\"lazy\" srcset=\"https:\/\/luzaro.garapena.eus\/wp-content\/uploads\/2026\/05\/psico5.png 588w, https:\/\/luzaro.garapena.eus\/wp-content\/uploads\/2026\/05\/psico5-275x300.png 275w\" sizes=\"auto, (max-width: 588px) 100vw, 588px\" \/><\/div><\/div><\/div><\/div><\/div><\/div><\/div><\/div><\/div><\/section><section class=\"l-section wpb_row height_auto\"><div class=\"l-section-h i-cf\"><div class=\"g-cols vc_row via_grid cols_1 laptops-cols_inherit tablets-cols_inherit mobiles-cols_1 valign_top type_default stacking_default\"><div class=\"wpb_column vc_column_container us_custom_7997cd42 has_bg_color\"><div class=\"vc_column-inner\"><div class=\"w-separator hide_on_default hide_on_laptops size_medium\"><\/div><div class=\"wpb_text_column\"><div class=\"wpb_wrapper\"><p><strong>Los ni\u00f1os reales son ni\u00f1os que saltan, corren, r\u00eden, gritan, lloran, y todo ello tiene un sentido cuyas claves nos proporciona la teor\u00eda que, basada en la comprensi\u00f3n psicodin\u00e1mica de la actividad infantil, nos permite comprender el sentido profundo de todo ello y en consecuencia nos abre un campo de intervenci\u00f3n ajustada para que el ni\u00f1o transforme sus impulsos, los canalice, los exprese, incluso los represente en im\u00e1genes y creaciones propias. <\/strong><\/p>\n<p>Para todo ello la Practica Psicomotriz se basa en una pedagog\u00eda de espacios y tiempos que permite al ni\u00f1o realizar el proceso que va del \u201cplacer de jugar y de moverse al placer de pensar\u201d en un marco concreto que es la Sala de psicomotricidad, un espacio rico, variado y lleno de color, en el que la presencia de un adulto atento que acoge y contiene las producciones de los ni\u00f1os y las ni\u00f1as, sus dificultades, sus miedos, sus descubrimientos, sus deseos, su placer y sus emociones, acompa\u00f1a de manera activa y emp\u00e1tica su proceso de maduraci\u00f3n.<br \/>\nPor todo ello podemos decir que la Pr\u00e1ctica Psicomotriz favorece el desarrollo arm\u00f3nico de la persona porque es un medio privilegiado para estimular los procesos de crecimiento y de desarrollo de la propia identidad a partir de aquello que es m\u00e1s genuino en la infancia que es el juego espont\u00e1neo.<\/p>\n<\/div><\/div><\/div><\/div><\/div><\/div><\/section><section class=\"l-section wpb_row height_medium\" id=\"albisteak\"><div class=\"l-section-h i-cf\"><div class=\"g-cols vc_row via_grid cols_1 laptops-cols_inherit tablets-cols_inherit mobiles-cols_1 valign_top type_default stacking_default\"><div class=\"wpb_column vc_column_container\"><div class=\"vc_column-inner\"><div class=\"w-separator hide_on_default hide_on_laptops size_medium\"><\/div><div class=\"wpb_text_column\"><div class=\"wpb_wrapper\"><h1>Noticias<\/h1>\n<\/div><\/div><div class=\"w-separator size_small\"><\/div><div class=\"w-grid us_post_list type_grid layout_149 cols_3 overflow_hidden preload_style_spinner\" id=\"us_post_list_u1c5\" style=\"--columns:3;--gap:0.4rem;\"><style>@media (max-width:1024px){#us_post_list_u1c5{--columns:2!important}}@media (max-width:600px){#us_post_list_u1c5{--columns:1!important}}.layout_149 .w-grid-item-h{}.layout_149 .usg_vwrapper_1{transition-duration:0.3s;transform-origin:50% 50%;transform:scale(1) translate(0%,0%)}.layout_149 .w-grid-item-h:focus-within .usg_vwrapper_1,.layout_149 .w-grid-item-h:hover .usg_vwrapper_1{transform:scale(1) translate(0%,0%);opacity:1;background:var(--color-header-middle-bg)!important}.layout_149 .usg_post_image_1{transition-duration:0.55s;transform-origin:50% 50%;transform:scale(1) translate(0%,0%);opacity:0.85}.layout_149 .w-grid-item-h:focus-within .usg_post_image_1,.layout_149 .w-grid-item-h:hover .usg_post_image_1{transform:scale(1.1) translate(0%,0%);opacity:1}.layout_149 .usg_btn_1{transition-duration:0.3s;transform-origin:50% 50%;transform:scale(1) translate(0%,0%)}.layout_149 .w-grid-item-h:focus-within .usg_btn_1,.layout_149 .w-grid-item-h:hover .usg_btn_1{transform:scale(1) translate(0%,0%);opacity:1;background:var(--color-content-primary)!important}.layout_149 .usg_post_date_1{transition-duration:0.55s;transform-origin:50% 50%;transform:scale(1) translate(4%,-5%)}.layout_149 .w-grid-item-h:focus-within .usg_post_date_1,.layout_149 .w-grid-item-h:hover .usg_post_date_1{transform:scale(1.02) translate(0%,0%);opacity:1}.layout_149 .usg_vwrapper_1{min-height:357px!important;margin-top:0px!important;margin-bottom:6px!important;position:relative!important;z-index:1!important;background:var(--color-header-transparent-text-hover)!important;padding:2rem 1.6rem 80px 1.6rem!important;box-shadow:2px 2px 2px 2px rgba(15,19,31,0.08)!important}.layout_149 .usg_btn_1{width:210px!important;position:absolute!important;left:0!important;bottom:0!important}.layout_149 .usg_vwrapper_2{margin-top:0px!important;margin-bottom:0px!important;position:relative!important}.layout_149 .usg_post_date_1{text-align:center!important;width:98px!important;height:100px!important;padding-top:8px!important;position:absolute!important;top:0px!important;right:0px!important;background:url(https:\/\/luzaro.garapena.eus\/wp-content\/uploads\/2026\/05\/Enmascarar-grupo-6.png) no-repeat right top \/ 98px!important}<\/style><div class=\"w-grid-list\">\t<article class=\"w-grid-item size_1x1 post-6374 post type-post status-publish format-standard has-post-thumbnail hentry category-noticias\" data-id=\"6374\">\r\n\t\t<div class=\"w-grid-item-h\">\r\n\t\t\t\t\t\t<div class=\"w-vwrapper usg_vwrapper_2 align_none valign_top\" style=\"--vwrapper-gap:0.1rem\"><div class=\"w-post-elm post_image usg_post_image_1 has_aspect_ratio stretched\"><a href=\"https:\/\/luzaro.garapena.eus\/es\/2024\/06\/03\/tres-seminarios-para-poner-la-guinda-a-este-fin-de-semana\/\" aria-label=\"Tres seminarios para poner la guinda a este fin de semana\"><img loading=\"lazy\" decoding=\"async\" width=\"1024\" height=\"768\" src=\"https:\/\/luzaro.garapena.eus\/wp-content\/uploads\/2024\/06\/WhatsApp-Image-2024-06-04-at-17.46.53-1024x768.jpeg\" class=\"attachment-large size-large wp-post-image\" alt=\"\" srcset=\"https:\/\/luzaro.garapena.eus\/wp-content\/uploads\/2024\/06\/WhatsApp-Image-2024-06-04-at-17.46.53-1024x768.jpeg 1024w, https:\/\/luzaro.garapena.eus\/wp-content\/uploads\/2024\/06\/WhatsApp-Image-2024-06-04-at-17.46.53-300x225.jpeg 300w, https:\/\/luzaro.garapena.eus\/wp-content\/uploads\/2024\/06\/WhatsApp-Image-2024-06-04-at-17.46.53.jpeg 1600w\" sizes=\"auto, (max-width: 1024px) 100vw, 1024px\" \/><\/a><\/div><time class=\"w-post-elm post_date usg_post_date_1 entry-date published\" datetime=\"2024-06-03T19:05:48+01:00\">24\/06\/03<\/time><\/div><div class=\"w-vwrapper usg_vwrapper_1 align_none valign_top has-link\" style=\"--vwrapper-gap:0.7rem\"><h3 class=\"w-post-elm post_title usg_post_title_1 entry-title color_link_inherit\"><a href=\"https:\/\/luzaro.garapena.eus\/es\/2024\/06\/03\/tres-seminarios-para-poner-la-guinda-a-este-fin-de-semana\/\">Tres seminarios para poner la guinda a este fin de semana<\/a><\/h3><div class=\"w-post-elm post_content usg_post_content_1\">Este fin de semana ha sido complet\u00edsimo, y hemos organizado tres seminarios simult\u00e1neos. Por una parte, el ex-alumnado de Pr\u00e1ctica&hellip;<\/div><a class=\"w-btn us-btn-style_3 botoi-w100 usg_btn_1 icon_atleft\" href=\"#\"><i class=\"fas fa-arrow-right\"><\/i><span class=\"w-btn-label\">Ver la noticia<\/span><\/a><a href=\"https:\/\/luzaro.garapena.eus\/es\/2024\/06\/03\/tres-seminarios-para-poner-la-guinda-a-este-fin-de-semana\/\" class=\"w-vwrapper-link smooth-scroll\" aria-label=\"Enlace\"><\/a><\/div>\t\t<\/div>\r\n\t\t\t<\/article>\r\n\t<article class=\"w-grid-item size_1x1 post-6368 post type-post status-publish format-standard has-post-thumbnail hentry category-noticias\" data-id=\"6368\">\r\n\t\t<div class=\"w-grid-item-h\">\r\n\t\t\t\t\t\t<div class=\"w-vwrapper usg_vwrapper_2 align_none valign_top\" style=\"--vwrapper-gap:0.1rem\"><div class=\"w-post-elm post_image usg_post_image_1 has_aspect_ratio stretched\"><a href=\"https:\/\/luzaro.garapena.eus\/es\/2024\/06\/19\/entrega-de-certificados-en-practica-psicomotriz-educativa-y-terapeutica\/\" aria-label=\"Entrega de certificados en pr\u00e1ctica psicomotriz educativa y terap\u00e9utica\"><img loading=\"lazy\" decoding=\"async\" width=\"1024\" height=\"768\" src=\"https:\/\/luzaro.garapena.eus\/wp-content\/uploads\/2024\/06\/WhatsApp-Image-2024-06-17-at-21.07.44-1024x768.jpeg\" class=\"attachment-large size-large wp-post-image\" alt=\"\" srcset=\"https:\/\/luzaro.garapena.eus\/wp-content\/uploads\/2024\/06\/WhatsApp-Image-2024-06-17-at-21.07.44-1024x768.jpeg 1024w, https:\/\/luzaro.garapena.eus\/wp-content\/uploads\/2024\/06\/WhatsApp-Image-2024-06-17-at-21.07.44-300x225.jpeg 300w, https:\/\/luzaro.garapena.eus\/wp-content\/uploads\/2024\/06\/WhatsApp-Image-2024-06-17-at-21.07.44.jpeg 1600w\" sizes=\"auto, (max-width: 1024px) 100vw, 1024px\" \/><\/a><\/div><time class=\"w-post-elm post_date usg_post_date_1 entry-date published\" datetime=\"2024-06-19T19:52:21+01:00\">24\/06\/19<\/time><\/div><div class=\"w-vwrapper usg_vwrapper_1 align_none valign_top has-link\" style=\"--vwrapper-gap:0.7rem\"><h3 class=\"w-post-elm post_title usg_post_title_1 entry-title color_link_inherit\"><a href=\"https:\/\/luzaro.garapena.eus\/es\/2024\/06\/19\/entrega-de-certificados-en-practica-psicomotriz-educativa-y-terapeutica\/\">Entrega de certificados en pr\u00e1ctica psicomotriz educativa y terap\u00e9utica<\/a><\/h3><div class=\"w-post-elm post_content usg_post_content_1\">Seguimos aportando profesionales con formaci\u00f3n s\u00f3lida y rigurosa para poder acompa\u00f1ar con calidad los procesos de maduraci\u00f3n de la infancia,&hellip;<\/div><a class=\"w-btn us-btn-style_3 botoi-w100 usg_btn_1 icon_atleft\" href=\"#\"><i class=\"fas fa-arrow-right\"><\/i><span class=\"w-btn-label\">Ver la noticia<\/span><\/a><a href=\"https:\/\/luzaro.garapena.eus\/es\/2024\/06\/19\/entrega-de-certificados-en-practica-psicomotriz-educativa-y-terapeutica\/\" class=\"w-vwrapper-link smooth-scroll\" aria-label=\"Enlace\"><\/a><\/div>\t\t<\/div>\r\n\t\t\t<\/article>\r\n\t<article class=\"w-grid-item size_1x1 post-6291 post type-post status-publish format-standard has-post-thumbnail hentry category-noticias\" data-id=\"6291\">\r\n\t\t<div class=\"w-grid-item-h\">\r\n\t\t\t\t\t\t<div class=\"w-vwrapper usg_vwrapper_2 align_none valign_top\" style=\"--vwrapper-gap:0.1rem\"><div class=\"w-post-elm post_image usg_post_image_1 has_aspect_ratio stretched\"><a href=\"https:\/\/luzaro.garapena.eus\/es\/2026\/02\/18\/acompanar-el-crecimiento-infantil-en-grupo-la-sesion-de-practica-psicomotriz-educativa-como-herramienta-fundamental\/\" aria-label=\"ACOMPA\u00d1AR EL CRECIMIENTO INFANTIL EN GRUPO. La sesi\u00f3n de pr\u00e1ctica psicomotriz educativa como herramienta fundamental.\"><img loading=\"lazy\" decoding=\"async\" width=\"1024\" height=\"686\" src=\"https:\/\/luzaro.garapena.eus\/wp-content\/uploads\/2026\/02\/IMG_20210216_113754-1-2-1024x686.png\" class=\"attachment-large size-large wp-post-image\" alt=\"\" srcset=\"https:\/\/luzaro.garapena.eus\/wp-content\/uploads\/2026\/02\/IMG_20210216_113754-1-2-1024x686.png 1024w, https:\/\/luzaro.garapena.eus\/wp-content\/uploads\/2026\/02\/IMG_20210216_113754-1-2-300x201.png 300w, https:\/\/luzaro.garapena.eus\/wp-content\/uploads\/2026\/02\/IMG_20210216_113754-1-2.png 1565w\" sizes=\"auto, (max-width: 1024px) 100vw, 1024px\" \/><\/a><\/div><time class=\"w-post-elm post_date usg_post_date_1 entry-date published\" datetime=\"2026-02-18T16:13:57+01:00\">26\/02\/18<\/time><\/div><div class=\"w-vwrapper usg_vwrapper_1 align_none valign_top has-link\" style=\"--vwrapper-gap:0.7rem\"><h3 class=\"w-post-elm post_title usg_post_title_1 entry-title color_link_inherit\"><a href=\"https:\/\/luzaro.garapena.eus\/es\/2026\/02\/18\/acompanar-el-crecimiento-infantil-en-grupo-la-sesion-de-practica-psicomotriz-educativa-como-herramienta-fundamental\/\">ACOMPA\u00d1AR EL CRECIMIENTO INFANTIL EN GRUPO. La sesi\u00f3n de pr\u00e1ctica psicomotriz educativa como herramienta fundamental.<\/a><\/h3><div class=\"w-post-elm post_content usg_post_content_1\">La sensaci\u00f3n de s\u00ed, y de dominar el s\u00ed mismo, sentirse suficientemente due\u00f1o de la propia vida, de las propias&hellip;<\/div><a class=\"w-btn us-btn-style_3 botoi-w100 usg_btn_1 icon_atleft\" href=\"#\"><i class=\"fas fa-arrow-right\"><\/i><span class=\"w-btn-label\">Ver la noticia<\/span><\/a><a href=\"https:\/\/luzaro.garapena.eus\/es\/2026\/02\/18\/acompanar-el-crecimiento-infantil-en-grupo-la-sesion-de-practica-psicomotriz-educativa-como-herramienta-fundamental\/\" class=\"w-vwrapper-link smooth-scroll\" aria-label=\"Enlace\"><\/a><\/div>\t\t<\/div>\r\n\t\t\t<\/article>\r\n<\/div><div class=\"g-loadmore hidden\"><div class=\"g-preloader type_1\"><div><\/div><\/div><\/div><div class=\"w-grid-list-json hidden\" onclick='return {&quot;max_num_pages&quot;:0,&quot;paginationBase&quot;:&quot;page&quot;,&quot;pagination&quot;:&quot;none&quot;,&quot;paged&quot;:1,&quot;ajaxData&quot;:{&quot;action&quot;:&quot;us_ajax_post_list&quot;,&quot;meta_type&quot;:&quot;post&quot;,&quot;object_id&quot;:0,&quot;template_vars&quot;:{&quot;shortcode_base&quot;:&quot;us_post_list&quot;,&quot;paged&quot;:1,&quot;max_num_pages&quot;:0,&quot;no_results&quot;:false,&quot;us_post_content_design_css&quot;:[],&quot;found_posts&quot;:0,&quot;per_page&quot;:12,&quot;items_count&quot;:3,&quot;orderby_random_seed&quot;:null,&quot;source&quot;:&quot;all&quot;,&quot;ids&quot;:&quot;&quot;,&quot;post_type&quot;:&quot;post&quot;,&quot;attachment_ids&quot;:null,&quot;include_post_thumbnail&quot;:0,&quot;post_author&quot;:&quot;any&quot;,&quot;post_author_ids&quot;:&quot;&quot;,&quot;apply_url_params&quot;:0,&quot;ignore_sticky_posts&quot;:1,&quot;exclude_children&quot;:0,&quot;exclude_current_post&quot;:1,&quot;exclude_prev_posts&quot;:0,&quot;exclude_past_events&quot;:0,&quot;enable_items_offset&quot;:0,&quot;items_offset&quot;:&quot;1&quot;,&quot;tax_query_relation&quot;:&quot;none&quot;,&quot;tax_query&quot;:[{&quot;operator&quot;:&quot;IN&quot;,&quot;taxonomy&quot;:&quot;category&quot;,&quot;terms&quot;:&quot;&quot;,&quot;include_children&quot;:0}],&quot;meta_query_relation&quot;:&quot;none&quot;,&quot;meta_query&quot;:[{&quot;key&quot;:&quot;custom_field_name&quot;,&quot;compare&quot;:&quot;=&quot;,&quot;value&quot;:&quot;&quot;}],&quot;orderby&quot;:&quot;date&quot;,&quot;orderby_custom_field&quot;:&quot;&quot;,&quot;orderby_custom_type&quot;:0,&quot;order_invert&quot;:0,&quot;show_all&quot;:0,&quot;quantity&quot;:&quot;12&quot;,&quot;posts_per_archive_page&quot;:0,&quot;no_items_action&quot;:&quot;message&quot;,&quot;no_items_message&quot;:&quot;No se han encontrado resultados.&quot;,&quot;no_items_page_block&quot;:&quot;&quot;,&quot;pagination&quot;:&quot;none&quot;,&quot;pagination_style&quot;:&quot;&quot;,&quot;pagination_btn_text&quot;:&quot;Cargar m\\u00e1s&quot;,&quot;pagination_btn_size&quot;:&quot;&quot;,&quot;pagination_btn_style&quot;:&quot;1&quot;,&quot;pagination_btn_fullwidth&quot;:0,&quot;items_layout&quot;:&quot;149&quot;,&quot;type&quot;:&quot;grid&quot;,&quot;items_valign&quot;:0,&quot;ignore_items_size&quot;:0,&quot;columns&quot;:&quot;3&quot;,&quot;items_gap&quot;:&quot;0.4rem&quot;,&quot;load_animation&quot;:&quot;none&quot;,&quot;items_preload_style&quot;:&quot;spinner&quot;,&quot;img_size&quot;:&quot;default&quot;,&quot;title_size&quot;:&quot;&quot;,&quot;items_ratio&quot;:&quot;default&quot;,&quot;items_ratio_width&quot;:&quot;21&quot;,&quot;items_ratio_height&quot;:&quot;9&quot;,&quot;overriding_link&quot;:&quot;%7B%22url%22%3A%22%22%7D&quot;,&quot;popup_page_template&quot;:&quot;0&quot;,&quot;popup_width&quot;:&quot;&quot;,&quot;popup_arrows&quot;:1,&quot;breakpoint_1_width&quot;:&quot;1381px&quot;,&quot;breakpoint_1_cols&quot;:&quot;default&quot;,&quot;breakpoint_1_quantity&quot;:&quot;&quot;,&quot;breakpoint_1_gap&quot;:&quot;&quot;,&quot;breakpoint_2_width&quot;:&quot;1025px&quot;,&quot;breakpoint_2_cols&quot;:&quot;2&quot;,&quot;breakpoint_2_quantity&quot;:&quot;&quot;,&quot;breakpoint_2_gap&quot;:&quot;&quot;,&quot;breakpoint_3_width&quot;:&quot;601px&quot;,&quot;breakpoint_3_cols&quot;:&quot;1&quot;,&quot;breakpoint_3_quantity&quot;:&quot;&quot;,&quot;breakpoint_3_gap&quot;:&quot;&quot;,&quot;conditions_operator&quot;:&quot;always&quot;,&quot;conditions&quot;:[],&quot;css&quot;:null,&quot;el_class&quot;:&quot;&quot;,&quot;el_id&quot;:&quot;&quot;,&quot;enable_custom_html_atts&quot;:0,&quot;custom_html_atts&quot;:null,&quot;hide_on_states&quot;:&quot;&quot;,&quot;hide_for_sticky&quot;:0,&quot;hide_for_not_sticky&quot;:0,&quot;hide_below&quot;:&quot;0px&quot;,&quot;hide_above&quot;:&quot;0px&quot;,&quot;classes&quot;:&quot;&quot;},&quot;found_posts&quot;:0,&quot;per_page&quot;:12},&quot;facetedFilter&quot;:[]}'><\/div><\/div><div class=\"w-separator size_medium\"><\/div><\/div><\/div><\/div><\/div><\/section>\n","protected":false},"excerpt":{"rendered":"La sensaci\u00f3n de s\u00ed, y de dominar el s\u00ed mismo, sentirse suficientemente due\u00f1o de la propia vida, de las propias acciones y decisiones: la capacidad de representarse lo que se siente, de ponerle palabra y de dominarlo, canaliz\u00e1ndolo a trav\u00e9s de herramientas simb\u00f3licas, evitando el paso al acto que puede causar da\u00f1os\/malestares, en ocasiones irreparables....","protected":false},"author":1,"featured_media":0,"parent":0,"menu_order":3,"comment_status":"closed","ping_status":"closed","template":"","meta":{"footnotes":""},"class_list":["post-848","page","type-page","status-publish","hentry"],"_links":{"self":[{"href":"https:\/\/luzaro.garapena.eus\/es\/wp-json\/wp\/v2\/pages\/848","targetHints":{"allow":["GET"]}}],"collection":[{"href":"https:\/\/luzaro.garapena.eus\/es\/wp-json\/wp\/v2\/pages"}],"about":[{"href":"https:\/\/luzaro.garapena.eus\/es\/wp-json\/wp\/v2\/types\/page"}],"author":[{"embeddable":true,"href":"https:\/\/luzaro.garapena.eus\/es\/wp-json\/wp\/v2\/users\/1"}],"replies":[{"embeddable":true,"href":"https:\/\/luzaro.garapena.eus\/es\/wp-json\/wp\/v2\/comments?post=848"}],"version-history":[{"count":5,"href":"https:\/\/luzaro.garapena.eus\/es\/wp-json\/wp\/v2\/pages\/848\/revisions"}],"predecessor-version":[{"id":6385,"href":"https:\/\/luzaro.garapena.eus\/es\/wp-json\/wp\/v2\/pages\/848\/revisions\/6385"}],"wp:attachment":[{"href":"https:\/\/luzaro.garapena.eus\/es\/wp-json\/wp\/v2\/media?parent=848"}],"curies":[{"name":"wp","href":"https:\/\/api.w.org\/{rel}","templated":true}]}}