{"id":6261,"date":"2026-03-23T15:11:58","date_gmt":"2026-03-23T14:11:58","guid":{"rendered":"https:\/\/luzaro.garapena.eus\/politica-de-privacidad\/"},"modified":"2026-03-23T15:11:58","modified_gmt":"2026-03-23T14:11:58","slug":"politica-de-privacidad","status":"publish","type":"page","link":"https:\/\/luzaro.garapena.eus\/es\/politica-de-privacidad\/","title":{"rendered":"Pol\u00edtica de privacidad"},"content":{"rendered":"<h2>Pol\u00edtica de privacidad<\/h2>\n<p>&nbsp;<\/p>\n<p>La presente pol\u00edtica de privacidad tiene por objeto proporcionar informaci\u00f3n sobre los tratamientos de datos personales y describir los derechos de asistencia a los interesados en este sitio web, de conformidad con el Reglamento (UE) n.\u00ba 679\/2016 del Parlamento Europeo y del Consejo, de 27 de abril de 2016, relativo a la protecci\u00f3n de las personas f\u00edsicas en lo que respecta al tratamiento de datos personales y a la libre circulaci\u00f3n de estos datos y a la protecci\u00f3n de datos personales y a la garant\u00eda de los derechos digitales, de conformidad con la Ley Org\u00e1nica 2018\/3 de 5 de diciembre.<\/p>\n<p>&nbsp;<\/p>\n<p><strong>\u00bfQui\u00e9n es el Responsable del tratamiento de sus datos personales?<\/strong><\/p>\n<p>NOMBRE DE LA ENTIDAD: Centro de aprendizaje y formaci\u00f3n en la pr\u00e1ctica psicomotriz de Luzaro Aucouturie en el Pa\u00eds Vasco.<\/p>\n<p>NIF G20611422<\/p>\n<p>Helbidea: S. Martin Agirre Plza., z\/g 20570 Bergara<\/p>\n<p>Tel\u00e9fono: <span>943 76 90 33<\/span><br \/>\n<a href=\"mailto:info@luzaro.net\"> E-mail: info@luzaro.net<\/a><\/p>\n<p><strong>\u00bfCon qu\u00e9 finalidad recogemos sus datos?<\/strong><\/p>\n<p>Luzaro utilizar\u00e1 estos datos para realizar inscripciones y responder mensajes<\/p>\n<p><strong>\u00bfDurante cu\u00e1nto tiempo se conservar\u00e1n los datos?<\/strong><\/p>\n<p>Tus datos se almacenar\u00e1n en la base de datos de Luzaro mientras no ordenes su retirada.<\/p>\n<p><strong>\u00bfQu\u00e9 nos legitima a utilizar sus datos?<\/strong><\/p>\n<p>La base legal para el tratamiento de los datos recogidos a trav\u00e9s de la web de Luzaro www.luzaro.net es la siguiente:<\/p>\n<ol>\n<li>a. El consentimiento expreso que nos has dado en el momento de la inscripci\u00f3n.<\/li>\n<\/ol>\n<p><strong>\u00bfA qui\u00e9n se ceder\u00e1n sus datos?<\/strong><\/p>\n<p>Luzaro no pondr\u00e1 estos datos a disposici\u00f3n de terceros.<\/p>\n<p><strong>\u00bfCu\u00e1les son sus derechos cuando nos facilita sus datos personales?<\/strong><\/p>\n<p>El otorgante podr\u00e1 ejercitar los siguientes derechos sobre los datos facilitados:<\/p>\n<p>Derecho de acceso: El otorgante podr\u00e1 solicitar los datos facilitados a Luzaro para confirmar si est\u00e1 realizando o no el tratamiento de sus datos personales.<\/p>\n<p>Derecho de rectificaci\u00f3n: El otorgante podr\u00e1 solicitar a Luzaro la rectificaci\u00f3n de sus datos personales si \u00e9stos no son correctos o no est\u00e1n debidamente completados.<\/p>\n<p>Derecho de supresi\u00f3n: El Prestador de Datos podr\u00e1 solicitar a Luzaro la supresi\u00f3n de sus datos personales cuando, entre otras cosas, dichos datos ya no sean necesarios para la finalidad para la que fueron recogidos.<\/p>\n<p>Derecho de oposici\u00f3n: El otorgante puede oponerse al tratamiento de sus datos personales por parte de Luzaro. En este caso Luzaro s\u00f3lo las guardar\u00e1 para reclamar o para protegerse de ellas. <\/p>\n<p>Derecho a la limitaci\u00f3n del tratamiento: El otorgante podr\u00e1 solicitar a Luzaro que no utilice sus datos personales de forma provisional y para usos concretos. En este caso Luzaro s\u00f3lo las guardar\u00e1 para reclamar o para protegerse de ellas. <\/p>\n<p>Derecho de portabilidad: El donante podr\u00e1 solicitar a Luzaro que facilite sus datos en un formato estructurado y f\u00e1cilmente accesible. Asimismo, podr\u00e1 requerirle que facilite sus datos a otro responsable. <\/p>\n<p>Derecho a revocar el consentimiento: En caso de que los datos personales hayan sido obtenidos con consentimiento expreso, el otorgante tendr\u00e1 derecho a revocar dicho consentimiento en cualquier momento.<\/p>\n<p>Derecho a presentar reclamaciones: El otorgante tendr\u00e1 derecho a presentar una reclamaci\u00f3n ante la Agencia Espa\u00f1ola de Protecci\u00f3n de Datos, en particular si considera que el ejercicio de sus derechos no ha sido adecuado. Esta reclamaci\u00f3n puede realizarse por v\u00eda telem\u00e1tica a trav\u00e9s de la sede electr\u00f3nica (<em><a href=\"http:\/\/www.agpd.es\/\">www.agpd.es<\/a><\/em>) o dirigi\u00e9ndose a la direcci\u00f3n postal (C\/Jorge Juan, 6, 28001-Madrid) <\/p>\n<p>Para el ejercicio de cualquiera de los derechos mencionados, el otorgante podr\u00e1 dirigirse a la direcci\u00f3n postal o electr\u00f3nica de Luzaro, aportando copia de su DNI, a fin de acreditar su identidad.<\/p>\n<p>&nbsp;<\/p>\n<p>&nbsp;<\/p>\n<p>&nbsp;<\/p>\n<p>&nbsp;<\/p>\n","protected":false},"excerpt":{"rendered":"<p>Pol\u00edtica de privacidad &nbsp; La presente pol\u00edtica de privacidad tiene por objeto proporcionar informaci\u00f3n sobre los tratamientos de datos personales y describir los derechos de asistencia a los interesados en este sitio web, de conformidad con el Reglamento (UE) n.\u00ba 679\/2016 del Parlamento Europeo y del Consejo, de 27 de abril de 2016, relativo a&#8230;<\/p>\n","protected":false},"author":1,"featured_media":0,"parent":0,"menu_order":0,"comment_status":"closed","ping_status":"open","template":"","meta":{"footnotes":""},"class_list":["post-6261","page","type-page","status-publish","hentry"],"_links":{"self":[{"href":"https:\/\/luzaro.garapena.eus\/es\/wp-json\/wp\/v2\/pages\/6261","targetHints":{"allow":["GET"]}}],"collection":[{"href":"https:\/\/luzaro.garapena.eus\/es\/wp-json\/wp\/v2\/pages"}],"about":[{"href":"https:\/\/luzaro.garapena.eus\/es\/wp-json\/wp\/v2\/types\/page"}],"author":[{"embeddable":true,"href":"https:\/\/luzaro.garapena.eus\/es\/wp-json\/wp\/v2\/users\/1"}],"replies":[{"embeddable":true,"href":"https:\/\/luzaro.garapena.eus\/es\/wp-json\/wp\/v2\/comments?post=6261"}],"version-history":[{"count":0,"href":"https:\/\/luzaro.garapena.eus\/es\/wp-json\/wp\/v2\/pages\/6261\/revisions"}],"wp:attachment":[{"href":"https:\/\/luzaro.garapena.eus\/es\/wp-json\/wp\/v2\/media?parent=6261"}],"curies":[{"name":"wp","href":"https:\/\/api.w.org\/{rel}","templated":true}]}}