{"id":6258,"date":"2026-05-12T11:36:05","date_gmt":"2026-05-12T10:36:05","guid":{"rendered":"https:\/\/luzaro.garapena.eus\/politica-de-cookies\/"},"modified":"2026-05-12T11:36:05","modified_gmt":"2026-05-12T10:36:05","slug":"politica-de-cookies","status":"publish","type":"page","link":"https:\/\/luzaro.garapena.eus\/es\/politica-de-cookies\/","title":{"rendered":"Pol\u00edtica de cookies"},"content":{"rendered":"<h2>Pol\u00edtica de cookies<\/h2>\n<p>Con la aprobaci\u00f3n de la Ley 34\/2002, de 11 de julio, de Comercio Electr\u00f3nico y Servicios de la Sociedad de la Informaci\u00f3n, le advertimos que este sitio web utiliza cookies.<\/p>\n<p>&nbsp;<\/p>\n<p><strong>\u00bfQu\u00e9 son las cookies?<\/strong><\/p>\n<p>Las cookies son archivos que se almacenan en nuestro dispositivo (ordenador, smartphone, televisi\u00f3n, tablet&#8230;) al visitar diferentes sitios web. Su cometido es que las webs almacenen informaci\u00f3n del visitante, como h\u00e1bitos de navegaci\u00f3n, otras configuraciones, y en algunos casos, su identidad. <\/p>\n<p>El navegador del visitante almacena cookies en el disco duro s\u00f3lo durante la sesi\u00f3n. Ocupan muy poco y no da\u00f1an el ordenador del visitante. Las cookies no almacenan ninguna informaci\u00f3n personal concreta y la mayor\u00eda se borran del disco duro cuando se cierra la sesi\u00f3n del navegador.  <\/p>\n<p>La mayor\u00eda de los navegadores aceptan cookies como est\u00e1ndar y mediante ajustes de seguridad aceptan o rechazan cookies temporales y memorizadas.<\/p>\n<p>&nbsp;<\/p>\n<p><strong>Tipos de cookies<\/strong><\/p>\n<p>Seg\u00fan la entidad que gestiona las cookies:<\/p>\n<ul>\n<li>Cookies propias: se env\u00edan al equipo terminal del usuario desde un equipo gestionado por el propio editor y utilizado por el usuario para prestar el servicio solicitado.<\/li>\n<li>Cookies de terceros: estas cookies se env\u00edan al equipo terminal del usuario desde un equipo gestionado por un editor distinto del editor. Quien gestiona el equipamiento tambi\u00e9n se encarga del tratamiento de los datos obtenidos a trav\u00e9s de las cookies. <\/li>\n<\/ul>\n<p>En funci\u00f3n del tiempo que permanezcan activados:<\/p>\n<ul>\n<li>Cookies de sesi\u00f3n: este tipo de cookies est\u00e1n dise\u00f1adas para recibir y almacenar los datos en el momento en que el usuario accede a una p\u00e1gina web.<\/li>\n<li>Cookies persistentes: los datos que contienen estas cookies permanecen almacenados en el terminal durante un tiempo determinado, durante el cual pueden ser adquiridos y tratados por el responsable de la cookie.<\/li>\n<\/ul>\n<p>Helburuaren arabera:<\/p>\n<ul>\n<li>Cookies t\u00e9cnicas: Estas cookies permiten al usuario navegar por la p\u00e1gina web, plataforma o aplicaci\u00f3n y utilizar las opciones y servicios que ofrece la p\u00e1gina web. Por ejemplo, controlar el tr\u00e1fico y la comunicaci\u00f3n de datos, identificar la sesi\u00f3n, acceder a sitios de acceso restringido, recordar los elementos de una demanda, solicitar la inscripci\u00f3n o participaci\u00f3n en un evento, utilizar elementos de seguridad durante la navegaci\u00f3n, almacenar contenidos para difundir v\u00eddeos o sonidos o compartir contenidos a trav\u00e9s de redes sociales. <\/li>\n<li>Cookies de personalizaci\u00f3n: estas cookies permiten al usuario acceder al servicio con una serie de caracter\u00edsticas predefinidas en su equipo terminal o definidas por el propio usuario. Por ejemplo, el idioma, el tipo de navegador que utiliza para acceder al servicio, el dise\u00f1o de los contenidos seleccionados, la geolocalizaci\u00f3n del terminal y la configuraci\u00f3n de la regi\u00f3n de acceso al servicio, etc. <\/li>\n<li>Cookies de an\u00e1lisis: estas cookies permiten realizar un seguimiento y an\u00e1lisis del comportamiento de los usuarios en los sitios web. La informaci\u00f3n recogida con este tipo de cookies se utiliza para medir la actividad de los sitios web, aplicaci\u00f3n o plataforma, as\u00ed como para preparar los perfiles de navegaci\u00f3n de los usuarios de dichos sitios web, con el fin de introducir mejoras en el servicio a la vista del uso que los usuarios hacen del servicio. <\/li>\n<li>Cookies publicitarias: estas cookies permiten gestionar eficazmente los espacios publicitarios integrados en la web o aplicaci\u00f3n para la prestaci\u00f3n del servicio, en base a criterios como el contenido editado o la frecuencia de exhibici\u00f3n de los anuncios.<\/li>\n<li>Cookies publicitarias de comportamiento: permiten gestionar eficazmente los espacios publicitarios integrados en la web o aplicaci\u00f3n para la prestaci\u00f3n del servicio. Estas cookies almacenan informaci\u00f3n sobre el comportamiento del usuario a trav\u00e9s de la observaci\u00f3n, para posteriormente desarrollar un perfil concreto del usuario y mostrar publicidad de un tipo u otro en funci\u00f3n de dicho perfil. <\/li>\n<\/ul>\n<p><strong>\u00bfQu\u00e9 cookies guarda este sitio web?<\/strong><\/p>\n<p>Siguiendo las l\u00edneas generales de la Agencia Espa\u00f1ola de Protecci\u00f3n de Datos, a continuaci\u00f3n se listan las cookies utilizadas por este sitio:<\/p>\n<p>&nbsp;<\/p>\n<ul>\n<li>Cookies de an\u00e1lisis: estas cookies permiten realizar un seguimiento y an\u00e1lisis del comportamiento de los usuarios en los sitios web. La informaci\u00f3n recogida con este tipo de cookies se utiliza para medir la actividad de los sitios web, aplicaci\u00f3n o plataforma, as\u00ed como para preparar los perfiles de navegaci\u00f3n de los usuarios de dichos sitios web, con el fin de introducir mejoras en el servicio a la vista del uso que los usuarios hacen del mismo. <\/li>\n<li>Cookies de terceros: estas cookies se env\u00edan al equipo terminal del usuario desde un equipo gestionado por un editor distinto del editor. Quien gestiona el equipamiento tambi\u00e9n se encarga del tratamiento de los datos obtenidos a trav\u00e9s de las cookies. Ejemplo de esto son las cookies que se instalan para Google Analytics. En nuestro caso utilizamos cookies de Google Analytics, Twitter y Facebook. No podemos controlar el ajuste de las cookies de terceros, por lo que recomendamos verificar los sitios web de estos terceros para tener m\u00e1s informaci\u00f3n sobre sus cookies y saber c\u00f3mo gestionarlas.    <\/li>\n<\/ul>\n<p>&nbsp;<\/p>\n<p>Listado de cookies utilizadas:<\/p>\n<table>\n<tbody>\n<tr>\n<td width=\"214\"><\/td>\n<td width=\"214\"><\/td>\n<td width=\"214\">Cookie<br \/>\nTipo<br \/>\nObjetivo<\/td>\n<\/tr>\n<tr>\n_utmc<\/p>\n<td width=\"214\"><\/td>\n<td width=\"214\"><\/td>\n<td width=\"214\">Google Analytics<\/td>\n<p>Para poder medir estad\u00edsticamente el uso del sitio web<br \/>\n<\/tr>\n<tr>\n_utma<\/p>\n<td width=\"214\"><\/td>\n<td width=\"214\"><\/td>\n<td width=\"214\">Google Analytics<\/td>\n<p>Para poder medir estad\u00edsticamente el uso del sitio web<br \/>\n<\/tr>\n<tr>\n<td width=\"214\">_utma\n<\/td>\n<td width=\"214\"><\/td>\n<td width=\"214\">Google Analytics<\/td>\n<p>Para poder medir estad\u00edsticamente el uso del sitio web<br \/>\n<\/tr>\n<tr>\n<td width=\"214\"><\/td>\n<td width=\"214\"><\/td>\n<td width=\"214\">_utma<\/td>\n<p>Google Analytics<br \/>\nPara poder medir estad\u00edsticamente el uso del sitio web<br \/>\n<\/tr>\n<\/tbody>\n<\/table>\n<p>&nbsp;<\/p>\n<p>&nbsp;<\/p>\n<p><strong>Configuraci\u00f3n y deshabilitaci\u00f3n de cookies<\/strong><\/p>\n<p>Le informamos que se puede configurar el navegador para rechazar o aceptar cookies, o para que el navegador, el equipo o el dispositivo se cierren y despu\u00e9s se eliminen dichas cookies.<\/p>\n<p>En los principales navegadores, las cookies se configuran como:<\/p>\n<ul>\n<li>Google Chrome &gt;Configuraci\u00f3n &gt;Reposiciones avanzadas&gt;Conformidad &gt;Formalizaci\u00f3n de la capacidad&gt;Cookies.<\/li>\n<li>Firefox&gt;Recursos &gt;Configuraci\u00f3n personalizada &gt;Configuraci\u00f3n &gt;Historia &gt;Configuraci\u00f3n personalizada.<\/li>\n<li>Internet Explorer &gt;Recursos&gt;Especialidades&gt;Consumibilidad&gt;Internet.<\/li>\n<li>Safari&gt;Lividades &gt;Priacidad.<\/li>\n<\/ul>\n<p>Adem\u00e1s, hay que tener en cuenta que si el contenido del portal web se comparte con amigos a trav\u00e9s de las redes sociales (Facebook y Twitter), es posible que tambi\u00e9n se recojan cookies de estos sitios web. No podemos controlar los ajustes de las cookies de terceros, por lo que recomendamos verificar los sitios web de estos terceros para tener m\u00e1s informaci\u00f3n sobre sus cookies y saber c\u00f3mo gestionarlas. <\/p>\n<p><strong>Actualizaci\u00f3n y cambios en cookies\/pol\u00edtica de privacidad<\/strong><\/p>\n<p>La pol\u00edtica de cookies de este sitio web puede ser modificada respetando las obligaciones legales y reglamentarias y siguiendo los mandatos de la Agencia Espa\u00f1ola de Protecci\u00f3n de Datos. Por ello, recomendamos leer la pol\u00edtica de vez en cuando. <\/p>\n<p>Aldaketa nabarmenak egitekotan, erabiltzaileei jakinaraziko zaie webgunearen bitartez.<\/p>\n<p>&nbsp;<\/p>\n","protected":false},"excerpt":{"rendered":"<p>Pol\u00edtica de cookies Con la aprobaci\u00f3n de la Ley 34\/2002, de 11 de julio, de Comercio Electr\u00f3nico y Servicios de la Sociedad de la Informaci\u00f3n, le advertimos que este sitio web utiliza cookies. &nbsp; \u00bfQu\u00e9 son las cookies? Las cookies son archivos que se almacenan en nuestro dispositivo (ordenador, smartphone, televisi\u00f3n, tablet&#8230;) al visitar diferentes&#8230;<\/p>\n","protected":false},"author":1,"featured_media":0,"parent":0,"menu_order":0,"comment_status":"closed","ping_status":"closed","template":"","meta":{"footnotes":""},"class_list":["post-6258","page","type-page","status-publish","hentry"],"_links":{"self":[{"href":"https:\/\/luzaro.garapena.eus\/es\/wp-json\/wp\/v2\/pages\/6258","targetHints":{"allow":["GET"]}}],"collection":[{"href":"https:\/\/luzaro.garapena.eus\/es\/wp-json\/wp\/v2\/pages"}],"about":[{"href":"https:\/\/luzaro.garapena.eus\/es\/wp-json\/wp\/v2\/types\/page"}],"author":[{"embeddable":true,"href":"https:\/\/luzaro.garapena.eus\/es\/wp-json\/wp\/v2\/users\/1"}],"replies":[{"embeddable":true,"href":"https:\/\/luzaro.garapena.eus\/es\/wp-json\/wp\/v2\/comments?post=6258"}],"version-history":[{"count":0,"href":"https:\/\/luzaro.garapena.eus\/es\/wp-json\/wp\/v2\/pages\/6258\/revisions"}],"wp:attachment":[{"href":"https:\/\/luzaro.garapena.eus\/es\/wp-json\/wp\/v2\/media?parent=6258"}],"curies":[{"name":"wp","href":"https:\/\/api.w.org\/{rel}","templated":true}]}}