{"id":6257,"date":"2026-05-12T11:35:44","date_gmt":"2026-05-12T10:35:44","guid":{"rendered":"https:\/\/luzaro.garapena.eus\/aviso-legal\/"},"modified":"2026-05-12T11:35:44","modified_gmt":"2026-05-12T10:35:44","slug":"aviso-legal","status":"publish","type":"page","link":"https:\/\/luzaro.garapena.eus\/es\/aviso-legal\/","title":{"rendered":"Aviso legal"},"content":{"rendered":"<h2>Aviso legal<\/h2>\n<p>En cumplimiento de la Ley 34\/2002, de 11 de julio, de Servicios de la Sociedad de la Informaci\u00f3n y del Comercio Electr\u00f3nico, le informamos que el titular de la p\u00e1gina web <a href=\"http:\/\/www.luzaro.net\">luzaro.net<\/a> es: <\/p>\n<p>NOMBRE DE LA ENTIDAD: Centro de aprendizaje y formaci\u00f3n en la pr\u00e1ctica psicomotriz de Luzaro Aucouturie en el Pa\u00eds Vasco.<\/p>\n<p>NIF G20611422<\/p>\n<p>Helbidea: S. Martin Agirre Plza., z\/g 20570 Bergara<\/p>\n<p>Tel\u00e9fono: <span>943 76 90 33<\/span><br \/>\n<a href=\"mailto:info@luzaro.net\"> info@luzaro.net<\/a><\/p>\n<p>&nbsp;<\/p>\n<p>&nbsp;<\/p>\n<ol>\n<li><strong>Responsabilidades y garant\u00edas<\/strong><\/li>\n<\/ol>\n<p>El usuario podr\u00e1 acceder voluntariamente a la web Luzaro. La navegaci\u00f3n por este sitio web implica que el usuario conoce y acepta sus indicaciones legales, sus condiciones de uso y su pol\u00edtica de privacidad. <\/p>\n<p>&nbsp;<\/p>\n<p>Cualquier uso de la informaci\u00f3n contenida en este sitio web ser\u00e1 responsabilidad exclusiva y exclusiva del usuario. As\u00ed, el usuario deber\u00e1 comprometerse a utilizar la informaci\u00f3n de acuerdo con el objetivo del sitio web. <\/p>\n<p><span> <\/span>El usuario no podr\u00e1, por tanto, dar un uso il\u00edcito de la informaci\u00f3n contenida en el sitio web.<\/p>\n<p>&nbsp;<\/p>\n<p>Los usuarios tendr\u00e1n prohibida la inserci\u00f3n o comunicaci\u00f3n de contenidos falsos o inexactos. El usuario ser\u00e1, por tanto, el \u00fanico responsable de los da\u00f1os ocasionados con los datos que facilite. <\/p>\n<p>&nbsp;<\/p>\n<p>No se pueden utilizar datos personales de terceros sin su consentimiento. Asimismo, se proh\u00edbe el uso de datos identificativos de terceros con el fin de ponerse en el lugar de otra persona o entidad. <\/p>\n<p>Luzaro hace un gran esfuerzo para que no haya errores en los contenidos que se publican en la web. Por tanto, se reserva el derecho de modificarlas en cualquier momento. Luzaro renuncia expresamente a toda responsabilidad derivada de errores u omisiones en los contenidos de este sitio web, as\u00ed como de da\u00f1os derivados de su falta de veracidad, exactitud y actualidad. Este sitio web puede incluir enlaces a otros sitios web. Luzaro no se hace responsable de ning\u00fan contenido de estos sitios enlazados. La finalidad de estos servicios es, precisamente, informar a los usuarios de otras fuentes de informaci\u00f3n, por lo que el acceso a dichos contenidos se realizar\u00e1 bajo su exclusiva responsabilidad, de acuerdo con las condiciones all\u00ed reguladas.   <\/p>\n<p>Durante mucho tiempo no ser\u00e1 responsable de ninguna consecuencia o da\u00f1o derivado del uso de este sitio web o de sus contenidos, teniendo en cuenta los da\u00f1os inform\u00e1ticos y la introducci\u00f3n de virus.<\/p>\n<p>Luzaro se reserva el derecho de modificar o borrar en cualquier momento, sin previo aviso o aclaraci\u00f3n, el dise\u00f1o, la configuraci\u00f3n y la informaci\u00f3n contenida en este sitio web, si lo consideran necesario. Luzaro no se hace responsable de los da\u00f1os que estos cambios puedan ocasionar. No obstante, utilizar\u00e1 todos los medios a su alcance para informar a los usuarios de estos cambios. <\/p>\n<p>&nbsp;<\/p>\n<ol start=\"2\">\n<li><strong>Propiedad intelectual e industrial<\/strong><\/li>\n<\/ol>\n<p>Los contenidos de este sitio web (excepto datos personales) tienen licencia Creative Commons Atribuci\u00f3n &#8211; Compartir igual (CC-BY-SA) 4.0.<\/p>\n<p>Esta licencia otorga al usuario los siguientes derechos:<\/p>\n<ul>\n<li>Compartir: puedes copiar y redistribuir contenidos por cualquier medio y formato<\/li>\n<li>Adaptar: puedes reutilizar los contenidos y crear obras derivadas, incluso con finalidad comercial.<\/li>\n<\/ul>\n<p><span> <\/span>Siempre que se cumplan los siguientes requisitos:<\/p>\n<ul>\n<li>Reconocer: Hay que reconocer la autor\u00eda del sitio web, a\u00f1adir un enlace a la licencia e indicar si se han realizado cambios pero no de una manera que indique que este sitio web apoya el uso de quien lo hace.<\/li>\n<li>Compartir igual: Si se crea un trabajo derivado, se debe distribuir utilizando la misma licencia.<\/li>\n<li>No hay restricciones adicionales: No se puede limitar lo que permite la licencia mediante medidas legales o tecnol\u00f3gicas.<\/li>\n<\/ul>\n<p>&nbsp;<\/p>\n<p>El incumplimiento de los requisitos establecidos en la licencia en el uso de los contenidos del sitio web podr\u00e1 dar lugar al ejercicio de las acciones legales correspondientes y, en su caso, al cumplimiento de las responsabilidades derivadas de su ejecuci\u00f3n.<\/p>\n<ol start=\"3\">\n<li><strong>Modificaciones<\/strong><\/li>\n<\/ol>\n<p>Todas estas condiciones podr\u00e1n ser modificadas si Luzaro lo considera oportuno en alg\u00fan momento, tanto para adaptarse a las modificaciones legales como para introducir otras mejoras. Estos cambios estar\u00e1n vigentes desde el momento de su publicaci\u00f3n en esta web. <\/p>\n<ol start=\"4\">\n<li><strong>Jurisdicci\u00f3n<\/strong><\/li>\n<\/ol>\n<p>La relaci\u00f3n de larga duraci\u00f3n entre la persona usuaria se regir\u00e1 por lo dispuesto en la normativa vigente sobre legislaci\u00f3n aplicable y jurisdicci\u00f3n competente. En todo caso, cuando la normativa prevea que las partes deben someterse a una competencia, Luzaro y el usuario, con renuncia expresa a cualquier otra competencia que les corresponda, se someter\u00e1n a los Juzgados y Tribunales de Donostia-San Sebasti\u00e1n. <\/p>\n<p>&nbsp;<\/p>\n","protected":false},"excerpt":{"rendered":"<p>Aviso legal En cumplimiento de la Ley 34\/2002, de 11 de julio, de Servicios de la Sociedad de la Informaci\u00f3n y del Comercio Electr\u00f3nico, le informamos que el titular de la p\u00e1gina web luzaro.net es: NOMBRE DE LA ENTIDAD: Centro de aprendizaje y formaci\u00f3n en la pr\u00e1ctica psicomotriz de Luzaro Aucouturie en el Pa\u00eds Vasco&#8230;.<\/p>\n","protected":false},"author":1,"featured_media":0,"parent":0,"menu_order":0,"comment_status":"closed","ping_status":"closed","template":"","meta":{"footnotes":""},"class_list":["post-6257","page","type-page","status-publish","hentry"],"_links":{"self":[{"href":"https:\/\/luzaro.garapena.eus\/es\/wp-json\/wp\/v2\/pages\/6257","targetHints":{"allow":["GET"]}}],"collection":[{"href":"https:\/\/luzaro.garapena.eus\/es\/wp-json\/wp\/v2\/pages"}],"about":[{"href":"https:\/\/luzaro.garapena.eus\/es\/wp-json\/wp\/v2\/types\/page"}],"author":[{"embeddable":true,"href":"https:\/\/luzaro.garapena.eus\/es\/wp-json\/wp\/v2\/users\/1"}],"replies":[{"embeddable":true,"href":"https:\/\/luzaro.garapena.eus\/es\/wp-json\/wp\/v2\/comments?post=6257"}],"version-history":[{"count":0,"href":"https:\/\/luzaro.garapena.eus\/es\/wp-json\/wp\/v2\/pages\/6257\/revisions"}],"wp:attachment":[{"href":"https:\/\/luzaro.garapena.eus\/es\/wp-json\/wp\/v2\/media?parent=6257"}],"curies":[{"name":"wp","href":"https:\/\/api.w.org\/{rel}","templated":true}]}}