{"id":6238,"date":"2026-05-12T10:45:41","date_gmt":"2026-05-12T09:45:41","guid":{"rendered":"https:\/\/luzaro.garapena.eus\/preguntas-frecuentes\/"},"modified":"2026-05-14T07:48:18","modified_gmt":"2026-05-14T06:48:18","slug":"preguntas-frecuentes","status":"publish","type":"page","link":"https:\/\/luzaro.garapena.eus\/es\/preguntas-frecuentes\/","title":{"rendered":"Preguntas frecuentes"},"content":{"rendered":"<section class=\"l-section wpb_row height_medium\"><div class=\"l-section-h i-cf\"><div class=\"g-cols vc_row via_grid cols_1 laptops-cols_inherit tablets-cols_inherit mobiles-cols_1 valign_top type_default stacking_default\"><div class=\"wpb_column vc_column_container\"><div class=\"vc_column-inner\"><h1 class=\"w-post-elm post_title entry-title color_link_inherit\">Preguntas frecuentes<\/h1><div class=\"wpb_text_column\"><div class=\"wpb_wrapper\"><h3>Preguntas frecuentes sobre el Curso Bianual de Formaci\u00f3n en Pr\u00e1ctica Psicomotriz para la Educaci\u00f3n<\/h3>\n<\/div><\/div><div class=\"w-separator size_medium\"><\/div><div class=\"w-tabs style_default switch_click accordion has_scrolling\" style=\"--sections-title-size:inherit\"><div class=\"w-tabs-sections titles-align_none icon_chevron cpos_right\"><div class=\"w-tabs-section\" id=\"o8ef\"><button class=\"w-tabs-section-header\" aria-controls=\"content-o8ef\" aria-expanded=\"false\"><div class=\"w-tabs-section-title\">\u00bfQu\u00e9 tipo de certificaci\u00f3n tiene este curso?<\/div><div class=\"w-tabs-section-control\"><\/div><\/button><div  class=\"w-tabs-section-content\" id=\"content-o8ef\"><div class=\"w-tabs-section-content-h i-cf\"><div class=\"wpb_text_column\"><div class=\"wpb_wrapper\"><p>Al finalizar el curso tendr\u00e1s una formaci\u00f3n de 850 horas de duraci\u00f3n en la Pr\u00e1ctica Psicomotriz Educativa. Es t\u00edtulo propio del Centro Asociado UNED-Bergara y est\u00e1 avalado por la escuela de psicomotricidad Luzaro y ASEFOP.<\/p>\n<p>Homologado como curso de actualizaci\u00f3n de 300 horas por la Viceconsejer\u00eda de Educaci\u00f3n del Departamento de Educaci\u00f3n, Pol\u00edtica Ling\u00fc\u00edstica y Cultura del Gobierno Vasco.<\/p>\n<\/div><\/div><\/div><\/div><\/div><div class=\"w-tabs-section\" id=\"v9ae\"><button class=\"w-tabs-section-header\" aria-controls=\"content-v9ae\" aria-expanded=\"false\"><div class=\"w-tabs-section-title\">\u00bfCu\u00e1les son los contenidos de la formaci\u00f3n y qui\u00e9n los impartir\u00e1?<\/div><div class=\"w-tabs-section-control\"><\/div><\/button><div  class=\"w-tabs-section-content\" id=\"content-v9ae\"><div class=\"w-tabs-section-content-h i-cf\"><div class=\"wpb_text_column\"><div class=\"wpb_wrapper\"><p><span><a href=\"https:\/\/luzaro.garapena.eus\/es\/cursos\/curso-bienal-de-formacion-en-practica-psicomotriz-educativa-2027-2028\/\">Aqu\u00ed encontrar\u00e1s informaci\u00f3n sobre el contenido de la formaci\u00f3n<\/a><\/span>, as\u00ed como una relaci\u00f3n de formadores y profesores. Los encontrar\u00e1s al final de la p\u00e1gina junto con el calendario.<\/p>\n<\/div><\/div><\/div><\/div><\/div><div class=\"w-tabs-section\" id=\"ca63\"><button class=\"w-tabs-section-header\" aria-controls=\"content-ca63\" aria-expanded=\"false\"><div class=\"w-tabs-section-title\">Qui\u00e9n puede participar en el curso?<\/div><div class=\"w-tabs-section-control\"><\/div><\/button><div  class=\"w-tabs-section-content\" id=\"content-ca63\"><div class=\"w-tabs-section-content-h i-cf\"><div class=\"wpb_text_column\"><div class=\"wpb_wrapper\"><p><strong>Para poder realizar esta formaci\u00f3n es necesario realizar primero un <a href=\"https:\/\/luzaro.garapena.eus\/es\/cursos\/cursos-de-sensibilizacion-2026\/\">curso de sensibilizaci\u00f3n<\/a><\/strong>. Los alumnos que hayan realizado el curso de sensibilizaci\u00f3n hace m\u00e1s de 5 a\u00f1os dispondr\u00e1n de plazas.<\/p>\n<p><strong>Titulaci\u00f3n acad\u00e9mica<\/strong>: licenciatura, grado y\/o t\u00e9cnico superior.<\/p>\n<\/div><\/div><\/div><\/div><\/div><div class=\"w-tabs-section\" id=\"nb05\"><button class=\"w-tabs-section-header\" aria-controls=\"content-nb05\" aria-expanded=\"false\"><div class=\"w-tabs-section-title\">No he hecho ning\u00fan curso de sensibilizaci\u00f3n, pero me gustar\u00eda participar. \u00bfQu\u00e9 puedo hacer? <\/div><div class=\"w-tabs-section-control\"><\/div><\/button><div  class=\"w-tabs-section-content\" id=\"content-nb05\"><div class=\"w-tabs-section-content-h i-cf\"><div class=\"wpb_text_column\"><div class=\"wpb_wrapper\"><p>Entra <a href=\"https:\/\/luzaro.garapena.eus\/es\/cursos\/cursos-de-sensibilizacion-2026\/\">aqu\u00ed <\/a>para saber si est\u00e1 abierta la inscripci\u00f3n para participar en alg\u00fan curso de sensibilizaci\u00f3n.<\/p>\n<\/div><\/div><\/div><\/div><\/div><div class=\"w-tabs-section\" id=\"aba3\"><button class=\"w-tabs-section-header\" aria-controls=\"content-aba3\" aria-expanded=\"false\"><div class=\"w-tabs-section-title\">No he hecho ning\u00fan curso de sensibilizaci\u00f3n, pero me gustar\u00eda participar. \u00bfQu\u00e9 puedo hacer? <\/div><div class=\"w-tabs-section-control\"><\/div><\/button><div  class=\"w-tabs-section-content\" id=\"content-aba3\"><div class=\"w-tabs-section-content-h i-cf\"><div class=\"wpb_text_column\"><div class=\"wpb_wrapper\"><p>Entra <a href=\"https:\/\/luzaro.garapena.eus\/es\/cursos\/cursos-de-sensibilizacion-2026\/\">aqu\u00ed <\/a>para saber si est\u00e1 abierta la inscripci\u00f3n para participar en alg\u00fan curso de sensibilizaci\u00f3n.<\/p>\n<\/div><\/div><\/div><\/div><\/div><div class=\"w-tabs-section\" id=\"xc57\"><button class=\"w-tabs-section-header\" aria-controls=\"content-xc57\" aria-expanded=\"false\"><div class=\"w-tabs-section-title\">\u00bfCu\u00e1nto cuesta la formaci\u00f3n y c\u00f3mo se paga?<\/div><div class=\"w-tabs-section-control\"><\/div><\/button><div  class=\"w-tabs-section-content\" id=\"content-xc57\"><div class=\"w-tabs-section-content-h i-cf\"><div class=\"wpb_text_column\"><div class=\"wpb_wrapper\"><p><strong>COSTE DEL CURSO:<\/strong><\/p>\n<p>2.100\u20ac el primer a\u00f1o y el segundo a\u00f1o se aplicar\u00e1 el incremento correspondiente al IPC.<\/p>\n<p><strong>MODO DE PAGO:<\/strong><\/p>\n<p>500 \u20acen la matr\u00edcula del primer a\u00f1o y cuatro cuotas de 400 \u20ac. Y el segundo a\u00f1o la forma de pago ser\u00e1 la misma, con el incremento del IPC correspondiente. <\/p>\n<p><em>Para realizar la prematr\u00edcula no solicitamos ning\u00fan pago. No obstante, le agradecemos que nos comunique su intenci\u00f3n de suspender el proceso de matriculaci\u00f3n. <\/em><\/p>\n<\/div><\/div><\/div><\/div><\/div><div class=\"w-tabs-section\" id=\"ocf7\"><button class=\"w-tabs-section-header\" aria-controls=\"content-ocf7\" aria-expanded=\"false\"><div class=\"w-tabs-section-title\">Tengo otra duda, pero aqu\u00ed no aparece. \u00bfQu\u00e9 puedo hacer? <\/div><div class=\"w-tabs-section-control\"><\/div><\/button><div  class=\"w-tabs-section-content\" id=\"content-ocf7\"><div class=\"w-tabs-section-content-h i-cf\"><div class=\"wpb_text_column\"><div class=\"wpb_wrapper\"><p><span>Puede ponerse en contacto con la Escuela de Psicomotricidad Luzaro a trav\u00e9s del correo electr\u00f3nico <\/span><a href=\"mailto:info@luzaro.net\">info@luzaro.net<\/a><\/p>\n<\/div><\/div><\/div><\/div><\/div><\/div><\/div><div class=\"w-separator size_medium\"><\/div><\/div><\/div><\/div><\/div><\/section>\n","protected":false},"excerpt":{"rendered":"Preguntas frecuentesPreguntas frecuentes sobre el Curso Bianual de Formaci\u00f3n en Pr\u00e1ctica Psicomotriz para la Educaci\u00f3n \u00bfQu\u00e9 tipo de certificaci\u00f3n tiene este curso?Al finalizar el curso tendr\u00e1s una formaci\u00f3n de 850 horas de duraci\u00f3n en la Pr\u00e1ctica Psicomotriz Educativa. Es t\u00edtulo propio del Centro Asociado UNED-Bergara y est\u00e1 avalado por la escuela de psicomotricidad Luzaro y...","protected":false},"author":1,"featured_media":0,"parent":0,"menu_order":0,"comment_status":"closed","ping_status":"closed","template":"","meta":{"footnotes":""},"class_list":["post-6238","page","type-page","status-publish","hentry"],"_links":{"self":[{"href":"https:\/\/luzaro.garapena.eus\/es\/wp-json\/wp\/v2\/pages\/6238","targetHints":{"allow":["GET"]}}],"collection":[{"href":"https:\/\/luzaro.garapena.eus\/es\/wp-json\/wp\/v2\/pages"}],"about":[{"href":"https:\/\/luzaro.garapena.eus\/es\/wp-json\/wp\/v2\/types\/page"}],"author":[{"embeddable":true,"href":"https:\/\/luzaro.garapena.eus\/es\/wp-json\/wp\/v2\/users\/1"}],"replies":[{"embeddable":true,"href":"https:\/\/luzaro.garapena.eus\/es\/wp-json\/wp\/v2\/comments?post=6238"}],"version-history":[{"count":2,"href":"https:\/\/luzaro.garapena.eus\/es\/wp-json\/wp\/v2\/pages\/6238\/revisions"}],"predecessor-version":[{"id":6240,"href":"https:\/\/luzaro.garapena.eus\/es\/wp-json\/wp\/v2\/pages\/6238\/revisions\/6240"}],"wp:attachment":[{"href":"https:\/\/luzaro.garapena.eus\/es\/wp-json\/wp\/v2\/media?parent=6238"}],"curies":[{"name":"wp","href":"https:\/\/api.w.org\/{rel}","templated":true}]}}